{"id":154,"date":"2017-06-19T17:36:56","date_gmt":"2017-06-19T15:36:56","guid":{"rendered":"http:\/\/beta.socat.info\/?page_id=154"},"modified":"2025-06-24T11:31:28","modified_gmt":"2025-06-24T09:31:28","slug":"version-4","status":"publish","type":"page","link":"https:\/\/socat.info\/index.php\/version-4\/","title":{"rendered":"SOCAT Version 4"},"content":{"rendered":"<h5 style=\"text-align: center; border: 2px solid #264f72; width: 90%; padding: 10px; background-color: #c8d4e0;\"><strong>Before using SOCAT data products, please read the <a style=\"color: #db6846;\" href=\"\/wp-content\/uploads\/2025\/05\/DataUseStatement_v4.pdf\">Data Use Statement<\/a><\/strong><\/h5>\n<h3>Data Access<\/h3>\n<p>SOCAT version 4 data products are available in a variety of formats:<\/p>\n<table style=\"height: 1595px;\" width=\"875\">\n<tbody>\n<tr>\n<td style=\"vertical-align: top;\" rowspan=\"3\" width=\"20%\"><a href=\"http:\/\/ferret.pmel.noaa.gov\/LAS\/\"><img loading=\"lazy\" decoding=\"async\" class=\"alignnone wp-image-720\" src=\"\/wp-content\/uploads\/2017\/07\/las.png\" alt=\"\" width=\"104\" height=\"64\" \/><\/a><\/td>\n<td>\n<h5><strong>Interactive viewers<br \/>\n<\/strong><\/h5>\n<p style=\"margin-bottom: 0px;\">Use the Interactive Viewers from the Live Access Server to explore and download gridded or non-gridded data following selected criteria (region, year, platform, etc.). Making maps and property plots is straight forward and a good way to to get a quick overview of the data collection.<\/p>\n<\/td>\n<td width=\"20%\"><\/td>\n<\/tr>\n<tr>\n<td style=\"padding-left: 30px;\"><a href=\"https:\/\/ferret.pmel.noaa.gov\/socat\/las\/UI.vm#panelHeaderHidden=false;differences=false;autoContour=false;xCATID=SOCATv4_ERDDAP;xDSID=socat_v4_fulldata;varid=fCO2_recommended-socat_v4_fulldata;imageSize=auto;over=xy;compute=None;constraintCount=2;constraint0=text_cr_none_cr_none_cr_WOCE_CO2_water_cr_2_cr_WOCE_CO2_water_cr_2_cr_eq_cr_;constraint1=variable_cr_socat_v4_fulldata_cr_fCO2_recommended-socat_v4_fulldata_cr_fCO2_recommended_cr_NaN_cr_fCO2_recommended_cr_NaN_cr_ne_cr_;constraintPanelIndex=0token;catid=SOCATv4_ERDDAP;dsid=socat_v4_fulldata;varid=fCO2_recommended-socat_v4_fulldata;avarcount=0;xlo=-180;xhi=180;ylo=-90;yhi=90;tlo=01-Jan-1957%2000:00;thi=31-Dec-2016%2000:00;operation_id=Trajectory_interactive_plot;view=xyt\" target=\"_blank\" rel=\"noopener noreferrer\">Interactive Data Set Viewer<\/a><\/td>\n<td><\/td>\n<\/tr>\n<tr>\n<td style=\"padding-left: 30px;\"><a href=\"https:\/\/ferret.pmel.noaa.gov\/socat\/las\/UI.vm#panelHeaderHidden=false;differences=false;autoContour=false;globalMin=141.0201;globalMax=421.6432;xCATID=SOCATv4_gridded_decadal;xDSID=socat_v4_decadal;varid=fco2_ave_weighted_decade-socat_v4_decadal;imageSize=auto;over=xy;compute=Nonetoken;tlo=1-JAN-2015;thi=1-JAN-2015;catid=SOCATv4_gridded_decadal;dsid=socat_v4_decadal;varid=fco2_ave_weighted_decade-socat_v4_decadal;avarcount=0;xlo=-180;xhi=180;ylo=-90;yhi=90;operation_id=Plot_2D_XY_zoom;view=xy\" target=\"_blank\" rel=\"noopener noreferrer\">Interactive Gridded Data Viewer<\/a><\/td>\n<td><\/td>\n<\/tr>\n<tr>\n<td style=\"vertical-align: top;\" width=\"20%\"><!--<a href=\"http:\/\/ferret.pmel.noaa.gov\/LAS\/\"><img loading=\"lazy\" decoding=\"async\" class=\"alignnone wp-image-720\" src=\"\/wp-content\/uploads\/2017\/07\/las.png\" alt=\"\" width=\"104\" height=\"64\" \/><\/a>--><\/td>\n<td>\n<h5><strong>ERDDAP\u2122<\/strong><\/h5>\n<p>Complete and Decimated versions of SOCAT from Version 3 onwards are available via ERDDAP\u2122:<\/p>\n<ul>\n<li><a href=\"https:\/\/data.pmel.noaa.gov\/socat\/erddap\/info\/index.html\">SOCAT ERDDAP<\/a><\/li>\n<\/ul>\n<\/td>\n<\/tr>\n<tr>\n<td style=\"vertical-align: top; padding-top: 60px;\"><a href=\"https:\/\/www.ncei.noaa.gov\/\"><img loading=\"lazy\" decoding=\"async\" class=\"alignnone wp-image-261\" src=\"\/wp-content\/uploads\/2017\/06\/NCEI-logo-300x300.png\" alt=\"\" width=\"96\" height=\"96\" \/><\/a><\/td>\n<td style=\"padding-top: 60px;\">\n<h5><strong>Synthesis and gridded files<br \/>\n<\/strong><\/h5>\n<p style=\"margin-bottom: 0px;\">Global and regional synthesis files, as well as gridded files, are available as text files and netcdf, respectively, via the NOAA National Centers for Environmental Information. Matlab code is available for reading these text files.<\/p>\n<table>\n<tbody>\n<tr>\n<td><strong>Synthesis files<\/strong><\/td>\n<td><strong>Main source (NCEI)<\/strong><\/td>\n<td><strong>GEOMAR Mirror (Zipped)<\/strong><\/td>\n<\/tr>\n<tr>\n<td>All data<\/td>\n<td><a href=\"ftp:\/\/ftp.nodc.noaa.gov\/nodc\/archive\/arc0105\/0161129\/1.1\/data\/0-data\/SOCATv4.tsv\">2.9 Gb<\/a><\/td>\n<td><a href=\"\/socat_files\/v4\/SOCATv4.tsv.zip\">432 Mb<\/a><\/td>\n<\/tr>\n<tr>\n<td>Arctic data<\/td>\n<td><a href=\"ftp:\/\/ftp.nodc.noaa.gov\/nodc\/archive\/arc0105\/0161129\/1.1\/data\/0-data\/SOCATv4_Arctic.tsv\">149 Mb<\/a><\/td>\n<td><a href=\"\/socat_files\/v4\/SOCATv4_Arctic.tsv.zip\">22 Mb<\/a><\/td>\n<\/tr>\n<tr>\n<td>Coastal data<\/td>\n<td><a href=\"ftp:\/\/ftp.nodc.noaa.gov\/nodc\/archive\/arc0105\/0161129\/1.1\/data\/0-data\/SOCATv4_Coastal.tsv\">1.2 Gb<\/a><\/td>\n<td><a href=\"\/socat_files\/v4\/SOCATv4_Coastal.tsv.zip\">169 Mb<\/a><\/td>\n<\/tr>\n<tr>\n<td>Indian Ocean data<\/td>\n<td><a href=\"ftp:\/\/ftp.nodc.noaa.gov\/nodc\/archive\/arc0105\/0161129\/1.1\/data\/0-data\/SOCATv4_Indian.tsv\">41 Mb<\/a><\/td>\n<td><a href=\"\/socat_files\/v4\/SOCATv4_Indian.tsv.zip\">4 Mb<\/a><\/td>\n<\/tr>\n<tr>\n<td>North Atlantic data<\/td>\n<td><a href=\"ftp:\/\/ftp.nodc.noaa.gov\/nodc\/archive\/arc0105\/0161129\/1.1\/data\/0-data\/SOCATv4_NorthAtlantic.tsv\">262 Mb<\/a><\/td>\n<td><a href=\"\/socat_files\/v4\/SOCATv4_NorthAtlantic.tsv.zip\">41 Mb<\/a><\/td>\n<\/tr>\n<tr>\n<td>North Pacific data<\/td>\n<td><a href=\"ftp:\/\/ftp.nodc.noaa.gov\/nodc\/archive\/arc0105\/0161129\/1.1\/data\/0-data\/SOCATv4_NorthPacific.tsv\">92 Mb<\/a><\/td>\n<td><a href=\"\/socat_files\/v4\/SOCATv4_NorthPacific.tsv.zip\">15 Mb<\/a><\/td>\n<\/tr>\n<tr>\n<td>Southern Ocean data<\/td>\n<td><a href=\"ftp:\/\/ftp.nodc.noaa.gov\/nodc\/archive\/arc0105\/0161129\/1.1\/data\/0-data\/SOCATv4_SouthernOceans.tsv\">763 Mb<\/a><\/td>\n<td><a href=\"\/socat_files\/v4\/SOCATv4_SouthernOceans.tsv.zip\">115 Mb<\/a><\/td>\n<\/tr>\n<tr>\n<td>Tropical Atlantic data<\/td>\n<td><a href=\"ftp:\/\/ftp.nodc.noaa.gov\/nodc\/archive\/arc0105\/0161129\/1.1\/data\/0-data\/SOCATv4_TropicalAtlantic.tsv\">125 Mb<\/a><\/td>\n<td><a href=\"\/socat_files\/v4\/SOCATv4_TropicalAtlantic.tsv.zip\">20 Mb<\/a><\/td>\n<\/tr>\n<tr>\n<td>Tropical Pacific data<\/td>\n<td><a href=\"ftp:\/\/ftp.nodc.noaa.gov\/nodc\/archive\/arc0105\/0161129\/1.1\/data\/0-data\/SOCATv4_TropicalPacific.tsv\">318 Mb<\/a><\/td>\n<td><a href=\"\/socat_files\/v4\/SOCATv4_TropicalPacific.tsv.zip\">48 Mb<\/a><\/td>\n<\/tr>\n<tr>\n<td>Flag E data<\/td>\n<td><a href=\"ftp:\/\/ftp.nodc.noaa.gov\/nodc\/archive\/arc0105\/0161129\/1.1\/data\/0-data\/SOCATv4_FlagE.tsv\">167 Mb<\/a><\/td>\n<td><a href=\"\/socat_files\/v4\/SOCATv4_FlagE.tsv.zip\">25 Mb<\/a><\/td>\n<\/tr>\n<\/tbody>\n<\/table>\n<table>\n<tbody>\n<tr>\n<td><span style=\"font-size: small;\"><a href=\"\/wp-content\/uploads\/2018\/06\/Instructions-for-Read_SOCATv3-v6.pdf\">Instructions for reading synthesis files<\/a><\/span>\n<\/td>\n<td><span style=\"font-size: small;\">259 Kb<\/span><\/td>\n<\/tr>\n<tr>\n<td>\n<span style=\"font-size: small;\"><a href=\"\/wp-content\/uploads\/2018\/06\/Read_SOCATv3_v6.m\">Matlab code for reading synthesis files<\/a><\/span>\n<\/td>\n<td><span style=\"font-size: small;\">19 Kb<\/span><\/td>\n<\/tr>\n<\/tbody>\n<\/table>\n<table>\n<tbody>\n<tr>\n<td><strong>Gridded files<\/strong><\/td>\n<td><strong>Main source (NCEI)<\/strong><\/td>\n<td><strong>BCDC Mirror (Zipped)<\/strong><\/td>\n<\/tr>\n<tr>\n<td>Monthly Gridded<\/td>\n<td><a href=\"ftp:\/\/ftp.nodc.noaa.gov\/nodc\/archive\/arc0105\/0161129\/1.1\/data\/0-data\/SOCATv4_Gridded_Dat\/SOCAT_tracks_gridded_monthly_v4.nc\">1.4 Gb<\/a><\/td>\n<td><a href=\"\/socat_files\/v4\/SOCAT_tracks_gridded_monthly_v4.nc.zip\">12 Mb<\/a><\/td>\n<\/tr>\n<tr>\n<td>Yearly Gridded<\/td>\n<td><a href=\"ftp:\/\/ftp.nodc.noaa.gov\/nodc\/archive\/arc0105\/0161129\/1.1\/data\/0-data\/SOCATv4_Gridded_Dat\/SOCAT_tracks_gridded_yearly_v4.nc\">137 Mb<\/a><\/td>\n<td><a href=\"\/socat_files\/v4\/SOCAT_tracks_gridded_yearly_v4.nc.zip\">4 Mb<\/a><\/td>\n<\/tr>\n<tr>\n<td>Decadal Gridded<\/td>\n<td><a href=\"ftp:\/\/ftp.nodc.noaa.gov\/nodc\/archive\/arc0105\/0161129\/1.1\/data\/0-data\/SOCATv4_Gridded_Dat\/SOCAT_tracks_gridded_decades_v4.nc\">15 Mb<\/a><\/td>\n<td><a href=\"\/socat_files\/v4\/SOCAT_tracks_gridded_decades_v4.nc.zip\">2 Mb<\/a><\/td>\n<\/tr>\n<tr>\n<td>Quarter-degree gridded monthly coastal<\/td>\n<td><a href=\"ftp:\/\/ftp.nodc.noaa.gov\/nodc\/archive\/arc0105\/0161129\/1.1\/data\/0-data\/SOCATv4_Gridded_Dat\/SOCAT_qrtrdeg_gridded_coast_monthly_v4.nc\">165 Mb<\/a><\/td>\n<td><a href=\"\/socat_files\/v4\/SOCAT_qrtrdeg_gridded_coast_monthly_v4.nc.zip\">79 Mb<\/a><\/td>\n<\/tr>\n<\/tbody>\n<\/table>\n<\/td>\n<\/tr>\n<tr>\n<td style=\"vertical-align: top; padding-top: 60px;\"><a href=\"https:\/\/pangaea.de\/\"><img loading=\"lazy\" decoding=\"async\" class=\"alignnone size-full wp-image-263\" src=\"\/wp-content\/uploads\/2017\/06\/pangaea_logo-e1497953285537.png\" alt=\"\" width=\"100\" height=\"70\" \/><\/a><\/td>\n<td style=\"padding-top: 60px;\">\n<h5><strong>Individual data sets in text format<br \/>\n<\/strong><\/h5>\n<p style=\"margin-bottom: 0px;\">Individual data set files are archived in Pangaea and can be downloaded in text format.<\/p>\n<table>\n<tbody>\n<tr>\n<td><strong>Text files<\/strong><\/td>\n<td><strong>Main source (Pangaea)<\/strong><\/td>\n<td><strong>GEOMAR Mirror<\/strong><\/td>\n<\/tr>\n<tr>\n<td>All data sets<\/td>\n<td><a href=\"http:\/\/store.pangaea.de\/Publications\/SOCATv4\/SOCAT_V4_all.zip\">554 Mb<\/a><\/td>\n<td><a href=\"\/socat_files\/v4\/SOCAT_v4_all.zip\">554 Mb<\/a><\/td>\n<\/tr>\n<\/tbody>\n<\/table>\n<p><span style=\"font-size: small;\"><a href=\"https:\/\/doi.pangaea.de\/10.1594\/PANGAEA.866876\" target=\"_blank\" rel=\"noopener noreferrer\">Metadata overview<\/a><\/span>\n<\/td>\n<\/tr>\n<tr>\n<td style=\"vertical-align: top; padding-top: 60px;\"><a href=\"https:\/\/odv.awi.de\/\"><img loading=\"lazy\" decoding=\"async\" class=\"wp-image-262 alignnone\" src=\"\/wp-content\/uploads\/2017\/06\/ODV-logo-e1497953301883.jpg\" alt=\"\" width=\"89\" height=\"78\" \/><\/a><\/td>\n<td style=\"padding-top: 60px;\">\n<table>\n<tbody>\n<tr>\n<h5><strong>Ocean Data View format<\/strong><\/h5>\n<p>The synthesis and gridded files are available in Ocean Data View (ODV) format from the ODV website.<\/p>\n<p><a href=\"https:\/\/odv.awi.de\/data\/ocean\/socat-fco2-data\/\">ODV SOCAT Collection<\/a>\n<\/td>\n<\/tr>\n<\/tbody>\n<\/table>\n<\/td>\n<\/tr>\n<\/tbody>\n<\/table>\n<h3>Description<\/h3>\n<p>More description on SOCAT Version 4 can be found in the <a href=\"\/wp-content\/uploads\/2017\/07\/2016_Poster_SOCAT_v4release.pdf\">V4 release poster<\/a>.<br \/>\nFor a detailed description of data products, file formats and tools, see:<\/p>\n<div style=\"margin-left: 34px; text-indent: -34px;\">Bakker et al. (2016) A multi-decade record of high quality fCO\u2082 data in version 3 of the Surface Ocean CO\u2082 Atlas (SOCAT). Earth System Science Data, 8: 383-413.\u00a0<a href=\"http:\/\/www.earth-syst-sci-data.net\/8\/383\/2016\/essd-8-383-2016.html\">doi:10.5194\/essd-8-383-2016<\/a><\/div>\n<div style=\"margin-left: 34px; text-indent: -34px;\">Bakker et al. (2014) An update to the Surface Ocean CO\u2082 Atlas (SOCAT version 2). Earth System Science Data 6: 69-90.\u00a0<a href=\"http:\/\/www.earth-syst-sci-data.net\/6\/69\/2014\/essd-6-69-2014.html\">doi:10.5194\/essd-6-69-2014<\/a><\/div>\n<div style=\"margin-left: 34px; text-indent: -34px;\">Pfeil et al. (2013) A uniform, quality controlled Surface Ocean CO\u2082 Atlas (SOCAT), Earth Syst. Sci. Data, 5, 125-143.\u00a0<a href=\"http:\/\/www.earth-syst-sci-data.net\/5\/125\/2013\/\">doi:10.5194\/essd-5-125-2013<\/a><\/div>\n<div style=\"margin-left: 34px; text-indent: -34px;\">\u00a0 Sabine et al. (2013)<span class=\"c2\">\u00a0Surface Ocean CO2 Atlas (SOCAT) gridded data products. Earth System Science Data 5: 145-153.\u00a0<\/span><span class=\"c5 c2\"><a class=\"c1\" href=\"http:\/\/www.earth-syst-sci-data.net\/5\/145\/2013\/\">doi:10.5194\/essd-5-145-2013<\/a><\/span><\/div>\n<div style=\"margin-left: 34px; text-indent: -34px;\"><\/div>\n<p>&nbsp;<\/p>\n<h3>Recalculation<\/h3>\n<p>Recalculation in SOCAT V4 took place using Ferret scripts, based on Matlab codes by Are Olsen (University of Bergen\/Bjerknes Centre for Climate Research). The Matlab codes can be obtained\u00a0<a href=\"\/wp-content\/uploads\/2017\/06\/SOCAT_matlab.zip\">here<\/a>.<br \/>\n<a name=\"credits\"><\/a><\/p>\n<h3>Credits<\/h3>\n<p>For SOCAT V4 we would like to thank all SOCAT data contributors, quality controllers, members of the automation team and meeting participants:<\/p>\n<p>Bakker, Dorothee C E; Pfeil, Benjamin; O&#8217;Brien, Kevin M; Currie, Kim I; Jones, Stephen D; Landa, Camilla S; Lauvset, Siv K; Metzl, Nicolas; Munro, David R; Nakaoka, Shin-Ichiro; Olsen, Are; Pierrot, Denis; Saito, Shu; Smith, Karl; Sweeney, Colm; Takahashi, Taro; Wada, Chisato; Wanninkhof, Rik; Alin, Simone R; Becker, Meike; Bellerby, Richard GJ; Borges, Alberto Vieira; Boutin, Jacqueline; Bozec, Yann; Burger, Eugene; Cai, Wei-Jun; Castle, Robert D; Cosca, Catherine E; DeGrandpre, Michael D; Donnelly, Matthew; Eischeid, Greg; Feely, Richard A; Gkritzalis, Thanos; Gonz\u00e1lez-D\u00e1vila, Melchor; Goyet, Catherine; Guillot, Antoine; Hardman-Mountford, Nicolas; Hauck, Judith; Hoppema, Mario; Humphreys, Matthew P; Hunt, Christopher W; Ib\u00e1nhez, J Severino P; Ichikawa, Tadafumi; Ishii, Masao; Juranek, Lauren W; Kitidis, Vassilis; K\u00f6rtzinger, Arne; Koffi, Urbain K; Kozyr, Alexander; Kuwata, Akira; Lef\u00e8vre, Nathalie; Lo Monaco, Claire; Manke, Ansley; Marrec, Pierre; Mathis, Jeremy T; Millero, Frank J; Monacci, Natalie; Monteiro, Pedro M S; Murata, Akihiko; Newberger, Timothy; Nojiri, Yukihiro; Nonaka, Isao; Omar, Abdirahman M; Ono, Tsuneo; Pad\u00edn, Xose Antonio; Rehder, Gregor; Rutgersson, Anna; Sabine, Christopher L; Salisbury, Joe; Santana-Casiano, Juana Magdalena; Sasano, Daisuke; Schuster, Ute; Sieger, Rainer; Skjelvan, Ingunn; Steinhoff, Tobias; Sullivan, Kevin; Sutherland, Stewart C; Sutton, Adrienne; Tadokoro, Kazuaki; Telszewski, Maciej; Thomas, Helmuth; Tilbrook, Bronte; van Heuven, Steven; Vandemark, Doug; Wallace, Douglas WR, and Woosley, Ryan.<\/p>\n<h3>Groups<\/h3>\n<p>SOCAT quality control is carried out by regional working groups with a global group for coordination.<br \/>\nThe groups for SOCAT Version 4 can be found <a href=\"\/index.php\/groups-for-socat-version-4-6\/\">here<\/a>.<\/p>\n","protected":false},"excerpt":{"rendered":"<p>Before using SOCAT data products, please read the Data Use Statement Data Access SOCAT version 4 data products are available in a variety of formats: Interactive viewers Use the Interactive Viewers from the Live Access Server to explore and download gridded or non-gridded data following selected criteria (region, year, platform, etc.). Making maps and property &hellip; <a href=\"https:\/\/socat.info\/index.php\/version-4\/\" class=\"more-link\">Continue reading<span class=\"screen-reader-text\"> &#8220;SOCAT Version 4&#8221;<\/span><\/a><\/p>\n","protected":false},"author":2,"featured_media":0,"parent":0,"menu_order":4,"comment_status":"closed","ping_status":"closed","template":"","meta":{"footnotes":""},"class_list":["post-154","page","type-page","status-publish","hentry"],"_links":{"self":[{"href":"https:\/\/socat.info\/index.php\/wp-json\/wp\/v2\/pages\/154","targetHints":{"allow":["GET"]}}],"collection":[{"href":"https:\/\/socat.info\/index.php\/wp-json\/wp\/v2\/pages"}],"about":[{"href":"https:\/\/socat.info\/index.php\/wp-json\/wp\/v2\/types\/page"}],"author":[{"embeddable":true,"href":"https:\/\/socat.info\/index.php\/wp-json\/wp\/v2\/users\/2"}],"replies":[{"embeddable":true,"href":"https:\/\/socat.info\/index.php\/wp-json\/wp\/v2\/comments?post=154"}],"version-history":[{"count":159,"href":"https:\/\/socat.info\/index.php\/wp-json\/wp\/v2\/pages\/154\/revisions"}],"predecessor-version":[{"id":3347,"href":"https:\/\/socat.info\/index.php\/wp-json\/wp\/v2\/pages\/154\/revisions\/3347"}],"wp:attachment":[{"href":"https:\/\/socat.info\/index.php\/wp-json\/wp\/v2\/media?parent=154"}],"curies":[{"name":"wp","href":"https:\/\/api.w.org\/{rel}","templated":true}]}}