{"id":1993,"date":"2019-06-18T07:09:03","date_gmt":"2019-06-18T05:09:03","guid":{"rendered":"https:\/\/www.socat.info\/?page_id=1993"},"modified":"2025-06-24T11:30:32","modified_gmt":"2025-06-24T09:30:32","slug":"version-2019","status":"publish","type":"page","link":"https:\/\/socat.info\/index.php\/version-2019\/","title":{"rendered":"SOCAT version 2019"},"content":{"rendered":"<h5 style=\"text-align: center; border: 2px solid #264f72; width: 90%; padding: 10px; background-color: #c8d4e0;\"><strong>Before using SOCAT data products, please read the <a style=\"color: #db6846;\" href=\"\/wp-content\/uploads\/2025\/05\/DataUseStatement_v2019.pdf\" target=\"_blank\" rel=\"noopener noreferrer\">Data Use Statement<\/a><\/strong><\/h5>\n<h3>Data Access<\/h3>\n<p>SOCAT version 2019 data products are available in a variety of formats:<\/p>\n<table>\n<tbody>\n<tr>\n<td style=\"vertical-align: top;\" width=\"20%\"><a href=\"http:\/\/ferret.pmel.noaa.gov\/LAS\/\"><img loading=\"lazy\" decoding=\"async\" class=\"alignnone wp-image-720\" src=\"\/wp-content\/uploads\/2017\/07\/las.png\" alt=\"\" width=\"104\" height=\"64\" \/><\/a><\/td>\n<td>\n<h5><strong>Interactive viewers<br \/>\n<\/strong><\/h5>\n<p>Use the Interactive Viewers from the Live Access Server to explore and download gridded or non-gridded data following selected criteria (region, year, platform, etc.). Making maps and property plots is straight forward and a good way to to get a quick overview of the data collection.<\/p>\n<ul>\n<li><a href=\"https:\/\/ferret.pmel.noaa.gov\/socat\/las\/UI.vm#panelHeaderHidden=false;differences=false;autoContour=false;xCATID=SOCATv2019_ERDDAP;xDSID=socat_v2019_fulldata;varid=fCO2_recommended-socat_v2019_fulldata;imageSize=auto;over=xy;compute=None;constraintCount=2;constraint0=text_cr_none_cr_none_cr_WOCE_CO2_water_cr_2_cr_WOCE_CO2_water_cr_2_cr_eq_cr_;constraint1=variable_cr_socat_v2019_fulldata_cr_fCO2_recommended-socat_v2019_fulldata_cr_fCO2_recommended_cr_NaN_cr_fCO2_recommended_cr_NaN_cr_ne_cr_;constraintPanelIndex=0token;catid=SOCATv2019_ERDDAP;dsid=socat_v2019_fulldata;varid=fCO2_recommended-socat_v2019_fulldata;avarcount=0;xlo=-180;xhi=180;ylo=-90;yhi=90;tlo=01-Jan-1957%2000:00;thi=31-Dec-2019%2000:00;operation_id=Trajectory_interactive_plot;view=xyt\" target=\"_blank\" rel=\"noopener noreferrer\">Interactive Data Set Viewer<\/a><\/li>\n<li><a href=\"https:\/\/ferret.pmel.noaa.gov\/socat\/las\/UI.vm#panelHeaderHidden=false;differences=false;autoContour=false;globalMin=141.0201;globalMax=421.6432;xCATID=SOCATv2019_gridded_decadal;xDSID=socat_v2019_decadal;varid=fco2_ave_weighted_decade-socat_v2019_decadal;imageSize=auto;over=xy;compute=Nonetoken;tlo=1-JAN-2015;thi=1-JAN-2015;catid=SOCATv2019_gridded_decadal;dsid=socat_v2019_decadal;varid=fco2_ave_weighted_decade-socat_v2019_decadal;avarcount=0;xlo=-180;xhi=180;ylo=-90;yhi=90;operation_id=Plot_2D_XY_zoom;view=xy\" target=\"_blank\" rel=\"noopener noreferrer\">Interactive Gridded Data Viewer<\/a><\/li>\n<\/ul>\n<\/td>\n<\/tr>\n<tr>\n<td style=\"vertical-align: top;\" width=\"20%\"><!--<a href=\"http:\/\/ferret.pmel.noaa.gov\/LAS\/\"><img loading=\"lazy\" decoding=\"async\" class=\"alignnone wp-image-720\" src=\"\/wp-content\/uploads\/2017\/07\/las.png\" alt=\"\" width=\"104\" height=\"64\" \/><\/a>--><\/td>\n<td>\n<h5><strong>ERDDAP\u2122<\/strong><\/h5>\n<p>Complete and Decimated versions of SOCAT from Version 3 onwards are available via ERDDAP\u2122:<\/p>\n<ul>\n<li><a href=\"https:\/\/data.pmel.noaa.gov\/socat\/erddap\/info\/index.html\">SOCAT ERDDAP<\/a><\/li>\n<\/ul>\n<\/td>\n<\/tr>\n<tr>\n<td style=\"vertical-align: top; padding-top: 60px;\"><a href=\"https:\/\/www.ncei.noaa.gov\/\"><img loading=\"lazy\" decoding=\"async\" class=\"alignnone wp-image-261\" src=\"\/wp-content\/uploads\/2017\/06\/NCEI-logo-300x300.png\" alt=\"\" width=\"96\" height=\"96\" \/><\/a><\/td>\n<td style=\"padding-top: 60px;\">\n<h5><strong>Synthesis and gridded files<br \/>\n<\/strong><\/h5>\n<p>Global and regional synthesis files, as well as gridded files, are available as text files and netcdf, respectively, via the <a href=\"https:\/\/www.nodc.noaa.gov\/ocads\/data\/0190072.xml\" target=\"_blank\" rel=\"noopener noreferrer\">NOAA National Centers for Environmental Information<\/a>. Matlab code is available for reading these text files.<\/p>\n<table>\n<tbody>\n<tr>\n<td><strong>Synthesis files<\/strong><\/td>\n<td><strong>Main source (NCEI)<\/strong><\/td>\n<td><strong>GEOMAR Mirror (Zipped)<\/strong><\/td>\n<\/tr>\n<tr>\n<td>All data<\/td>\n<td><a href=\"https:\/\/accession.nodc.noaa.gov\/0190072\/data\/0-data\/SOCATv2019.tsv\">4.1 Gb<\/a><\/td>\n<td><a href=\"\/socat_files\/v2019\/SOCATv2019.tsv.zip\">618Mb<\/a><\/td>\n<\/tr>\n<tr>\n<td>Arctic Data<\/td>\n<td><a href=\"https:\/\/accession.nodc.noaa.gov\/0190072\/data\/0-data\/SOCATv2019_Arctic.tsv\">227 Mb<\/a><\/td>\n<td><a href=\"\/socat_files\/v2019\/SOCATv2019_Arctic.tsv.zip\">33 Mb<\/a><\/td>\n<\/tr>\n<tr>\n<td>Coastal Data<\/td>\n<td><a href=\"https:\/\/accession.nodc.noaa.gov\/0190072\/data\/0-data\/SOCATv2019_Coastal.tsv\">1.7 Gb<\/a><\/td>\n<td><a href=\"\/socat_files\/v2019\/SOCATv2019_Coastal.tsv.zip\">262 Mb<\/a><\/td>\n<\/tr>\n<tr>\n<td>Indian Ocean Data<\/td>\n<td><a href=\"https:\/\/accession.nodc.noaa.gov\/0190072\/data\/0-data\/SOCATv2019_Indian.tsv\">47 Mb<\/a><\/td>\n<td><a href=\"\/socat_files\/v2019\/SOCATv2019_Indian.tsv.zip\">5 Mb<\/a><\/td>\n<\/tr>\n<tr>\n<td>North Atlantic<\/td>\n<td><a href=\"https:\/\/accession.nodc.noaa.gov\/0190072\/data\/0-data\/SOCATv2019_NorthAtlantic.tsv\">351 Mb<\/a><\/td>\n<td><a href=\"\/socat_files\/v2019\/SOCATv2019_NorthAtlantic.tsv.zip\">57 Mb<\/a><\/td>\n<\/tr>\n<tr>\n<td>North Pacific Data<\/td>\n<td><a href=\"https:\/\/accession.nodc.noaa.gov\/0190072\/data\/0-data\/SOCATv2019_NorthPacific.tsv\">115 Mb<\/a><\/td>\n<td><a href=\"\/socat_files\/v2019\/SOCATv2019_NorthPacific.tsv.zip\">19 Mb<\/a><\/td>\n<\/tr>\n<tr>\n<td>Southern Ocean Data<\/td>\n<td><a href=\"https:\/\/accession.nodc.noaa.gov\/0190072\/data\/0-data\/SOCATv2019_SouthernOceans.tsv\">1.0 Gb<\/a><\/td>\n<td><a href=\"\/socat_files\/v2019\/SOCATv2019_SouthernOceans.tsv.zip\">158 Mb<\/a><\/td>\n<\/tr>\n<tr>\n<td>Tropical Atlantic Data<\/td>\n<td><a href=\"https:\/\/accession.nodc.noaa.gov\/0190072\/data\/0-data\/SOCATv2019_TropicalAtlantic.tsv\">175 Mb<\/a><\/td>\n<td><a href=\"\/socat_files\/v2019\/SOCATv2019_TropicalAtlantic.tsv.zip\">28 Mb<\/a><\/td>\n<\/tr>\n<tr>\n<td>Tropical Pacific Data<\/td>\n<td><a href=\"https:\/\/accession.nodc.noaa.gov\/0190072\/data\/0-data\/SOCATv2019_TropicalPacific.tsv\">393 Mb<\/a><\/td>\n<td><a href=\"\/socat_files\/v2019\/SOCATv2019_TropicalPacific.tsv.zip\">60 Mb<\/a><\/td>\n<\/tr>\n<tr>\n<td>Flag E Data<\/td>\n<td><a href=\"https:\/\/accession.nodc.noaa.gov\/0190072\/data\/0-data\/SOCATv2019_FlagE.tsv\">262 Mb<\/a><\/td>\n<td><a href=\"\/socat_files\/v2019\/SOCATv2019_FlagE.tsv.zip\">38 Mb<\/a><\/td>\n<\/tr>\n<\/tbody>\n<\/table>\n<table>\n<tbody>\n<tr>\n<td><a href=\"\/socat_files\/v2019\/Instructions_for_Read_SOCATv3-v2019.pdf\"><span style=\"font-size: small;\">Instructions for reading synthesis files<\/span><\/a><\/td>\n<td><span style=\"font-size: small;\">260 Kb<\/span><\/td>\n<\/tr>\n<tr>\n<td><a href=\"\/socat_files\/v2019\/Read_SOCATv3_v2019.m\"><span style=\"font-size: small;\">Matlab code for reading synthesis files<\/span><\/a><\/td>\n<td><span style=\"font-size: small;\">20 Kb<\/span><\/td>\n<\/tr>\n<\/tbody>\n<\/table>\n<table>\n<tbody>\n<tr>\n<td><strong>Gridded files<\/strong><\/td>\n<td><strong>Main source (NCEI)<\/strong><\/td>\n<td><strong>GEOMAR Mirror (Zipped)<\/strong><\/td>\n<\/tr>\n<tr>\n<td>Monthly gridded<\/td>\n<td><a href=\"https:\/\/accession.nodc.noaa.gov\/0190072\/data\/0-data\/SOCATv2019_Gridded_Dat\/SOCATv2019_tracks_gridded_monthly.nc\">3.5 Gb<\/a><\/td>\n<td><a href=\"\/socat_files\/v2019\/SOCATv2019_tracks_gridded_monthly.nc.zip\">31 Mb<\/a><\/td>\n<\/tr>\n<tr>\n<td>Yearly gridded<\/td>\n<td><a href=\"https:\/\/accession.nodc.noaa.gov\/0190072\/data\/0-data\/SOCATv2019_Gridded_Dat\/SOCATv2019_tracks_gridded_yearly.nc\">194 Mb<\/a><\/td>\n<td><a href=\"\/socat_files\/v2019\/SOCATv2019_tracks_gridded_yearly.nc.zip\">9 Mb<\/a><\/td>\n<\/tr>\n<tr>\n<td>Decadal gridded<\/td>\n<td><a href=\"https:\/\/accession.nodc.noaa.gov\/0190072\/data\/0-data\/SOCATv2019_Gridded_Dat\/SOCATv2019_tracks_gridded_decadal.nc\">20 Mb<\/a><\/td>\n<td><a href=\"\/socat_files\/v2019\/SOCATv2019_tracks_gridded_decadal.nc.zip\">3 Mb<\/a><\/td>\n<\/tr>\n<tr>\n<td>Quarter-degree gridded monthly coastal<\/td>\n<td><a href=\"https:\/\/accession.nodc.noaa.gov\/0190072\/data\/0-data\/SOCATv2019_Gridded_Dat\/SOCATv2019_qrtrdeg_gridded_coast_monthly.nc\">412 Mb<\/a><\/td>\n<td><a href=\"\/socat_files\/v2019\/SOCATv2019_qrtrdeg_gridded_coast_monthly.nc.zip\">189 Mb<\/a><\/td>\n<\/tr>\n<\/tbody>\n<\/table>\n<table>\n<tbody>\n<tr>\n<td><span style=\"font-size: small;\"><a href=\"\/socat_files\/v2019\/read_SOCATV3_v2019_gridded_netcdf_files.m\">Matlab code for reading gridded files<\/a><\/span><\/td>\n<td><span style=\"font-size: small;\">7 Kb<\/span><\/td>\n<\/tr>\n<\/tbody>\n<\/table>\n<\/td>\n<\/tr>\n<tr>\n<td style=\"vertical-align: top; padding-top: 60px;\"><a href=\"https:\/\/pangaea.de\/\"><img loading=\"lazy\" decoding=\"async\" class=\"alignnone size-full wp-image-263\" src=\"\/wp-content\/uploads\/2017\/06\/pangaea_logo-e1497953285537.png\" alt=\"\" width=\"100\" height=\"70\" \/><\/a><\/td>\n<td style=\"padding-top: 60px;\">\n<h5><strong>Individual data sets in text format<br \/>\n<\/strong><\/h5>\n<p>Individual data set files are archived in Pangaea and can be downloaded in text format.<\/p>\n<table>\n<tbody>\n<tr>\n<td><strong>Text files<\/strong><\/td>\n<td><strong>Main source (Pangaea)<\/strong><\/td>\n<td><strong>BCDC Mirror<\/strong><\/td>\n<\/tr>\n<tr>\n<td>All data sets<\/td>\n<td><a href=\"http:\/\/store.pangaea.de\/Publications\/SOCATv2019\/SOCATv2019All_SOCATFormatDoc.zip\">2.63 Gb<\/a><\/td>\n<td><a href=\"\/socat_files\/v2019\/SOCATv2019All_SOCATFormatDoc.zip\">2.63 Gb<\/a><\/td>\n<\/tr>\n<\/tbody>\n<\/table>\n<p><a href=\"https:\/\/doi.pangaea.de\/10.1594\/PANGAEA.919935\"><span style=\"font-size: small;\">Metadata overview<\/span><\/a><br \/>\n<a href=\"https:\/\/doi.pangaea.de\/10.1594\/PANGAEA.905654\"><span style=\"font-size: small;\">List of new and updated data sets<\/span><\/a><\/p>\n<p><!--\n\n\n<table>\n\n\n<tr>\n\n\n<td><strong>Text files<\/strong><\/td>\n\n\n\n\n<td><strong>Main source (Pangaea)<\/strong><\/td>\n\n\n\n\n<td><strong>BCDC Mirror<\/strong><\/td>\n\n\n<\/tr>\n\n\n\n\n<tr>\n\n\n<td>All data sets<\/td>\n\n\n\n\n<td><a href=\"http:\/\/store.pangaea.de\/Publications\/SOCATv6\/SOCATv6All_PangaeaFormat.zip\">816 Mb<\/a><\/td>\n\n\n\n\n<td><a href=\"\/socat_files\/v6\/SOCATv6All_PangaeaFormat.zip\">816 Mb<\/a><\/td>\n\n\n<\/tr>\n\n\n<\/table>\n\n\n<span style=\"font-size: small;\"><a href=\"https:\/\/doi.pangaea.de\/10.1594\/PANGAEA.892380\" target=\"_blank\" rel=\"noopener noreferrer\">Metadata overview<\/a><\/span>\n<span style=\"font-size: small;\"><a href=\"https:\/\/doi.pangaea.de\/10.1594\/PANGAEA.890974\" target=\"_blank\" rel=\"noopener noreferrer\">List of new and updated data sets<\/a><\/span>\n--><\/p>\n<p>&nbsp;<\/td>\n<\/tr>\n<\/tbody>\n<\/table>\n<h3>Description<\/h3>\n<p>More description on SOCAT version 2019 can be found in the <a href=\"\/wp-content\/uploads\/2019\/06\/2019_Poster_SOCATv2019_release.pdf\" target=\"_blank\" rel=\"noopener noreferrer\">version 2019 release poster<\/a>.<br \/>\nFor a detailed description of data products, file formats and tools, see:<\/p>\n<div style=\"margin-left: 34px; text-indent: -34px;\">Bakker et al. (2016) A multi-decade record of high quality fCO\u2082 data in version 3 of the Surface Ocean CO\u2082 Atlas (SOCAT). Earth System Science Data, 8: 383-413. <a href=\"http:\/\/www.earth-syst-sci-data.net\/8\/383\/2016\/essd-8-383-2016.html\">doi:10.5194\/essd-8-383-2016<\/a><\/div>\n<div style=\"margin-left: 34px; text-indent: -34px;\">Bakker et al. (2014) An update to the Surface Ocean CO\u2082 Atlas (SOCAT version 2). Earth System Science Data 6: 69-90. <a href=\"http:\/\/www.earth-syst-sci-data.net\/6\/69\/2014\/essd-6-69-2014.html\">doi:10.5194\/essd-6-69-2014<\/a><\/div>\n<div style=\"margin-left: 34px; text-indent: -34px;\">Pfeil et al. (2013) A uniform, quality controlled Surface Ocean CO\u2082 Atlas (SOCAT), Earth Syst. Sci. Data, 5, 125-143. <a href=\"http:\/\/www.earth-syst-sci-data.net\/5\/125\/2013\/\">doi:10.5194\/essd-5-125-2013<\/a><\/div>\n<div style=\"margin-left: 34px; text-indent: -34px;\">Sabine et al. (2013)<span class=\"c2\"> Surface Ocean CO2 Atlas (SOCAT) gridded data products. Earth System Science Data 5: 145-153. <\/span><span class=\"c5 c2\"><a class=\"c1\" href=\"http:\/\/www.earth-syst-sci-data.net\/5\/145\/2013\/\">doi:10.5194\/essd-5-145-2013<\/a><\/span><\/div>\n<h3>Recalculation <!-- <span style=\"color: #ff0000;\">(need changes?)<\/span> --><\/h3>\n<p>Recalculation in SOCAT version 2019 took place using Ferret scripts, based on Matlab codes by Are Olsen (University of Bergen\/Bjerknes Centre for Climate Research). The Matlab codes can be obtained <a href=\"\/wp-content\/uploads\/2017\/06\/SOCAT_matlab.zip\">here<\/a>.<br \/>\n<a name=\"credits\"><\/a><\/p>\n<h3>Credits<\/h3>\n<p>For SOCAT version 2019 we would like to thank all SOCAT data contributors, quality controllers, and members of the automation team:<\/p>\n<p>Bakker, Dorothee C. E.; Lauvset, Siv K.; Wanninkhof, Rik; O&#8217;Brien, Kevin M.; Olsen, Are; Pfeil, Benjamin; Casta\u00f1o-Primo, Roc\u00edo; Currie, Kim; Jones, Stephen; Karlsen, Maren K.; Kozyr, Alex; Metzl, Nicolas; Nakaoka, Shin-Ichiro; Pierrot, Denis; Smith, Karl; Sullivan, Kevin; Sutton, Adrienne; Sweeney, Colm; Takahashi, Taro; Telszewski, Maciej; Tilbrook, Bronte; Wada, Chisato; Akl, John; Alin, Simone R; Andersson, Andreas; Atamanchuk, Dariia; Becker, Meike; Benoit-Cattin-Breton, Alice; Burger, Eugene; Collins, Andrew; Corredor, Jorge; Cosca, Cathy; Cronin, Margot; Cross, Jessica; De Carlo, Eric; Feely, Richard A.; Gkritzalis, Thanos; Glockzin, Michael; Greenwood, Naomi; Gutekunst, S\u00f6ren; Hartman, Susan E.; Herndon, Julian; Ho, David T.; Hunt, Christopher W.; Ibanhez, Severino; Johannessen, Truls; Kitidis, Vassilis; Lee, Charity M.; Lef\u00e8vre, Nathalie; Lo Monaco, Claire; Manke, Ansley B.; Mickett, John; Millero, Frank J.; Monacci, Natalie; Morell, Julio M.; Munro, David R.; Neill, Craig; Newberger, Timothy; Newton, Jan A.; Noh, Jae-Hoon; Nojiri, Yukihiro; Ohman, Mark; \u00d3lafsd\u00f3ttir, S\u00f3lveig R\u00f3sa; Omar, Abdirahman M.; Ono, Tsuneo; Papakyriakou, Tim; Park, Geun-Ha; Pearce, David J.; Pl\u00fcddemann, Albert J.; Price, Nichole; Rehder, Gregor; Sakurai, Keizo; Salisbury, Joe; Schlitzer, Reiner; Send, Uwe; Skjelvan, Ingunn; Sutherland, Stewart C.; Tadokoro, Kazuaki; Tanhua, Toste; Tomlinson, Michael; Trull, Tom; Vandemark, Doug; Wallace, Douglas W. R.; Weller, Robert A.; Woosley, Ryan J.<\/p>\n<h3>Groups<\/h3>\n<p>SOCAT quality control is carried out by regional working groups with a global group for coordination.<br \/>\nThe groups for SOCAT version 2019 can be found <span style=\"color: #ff0000;\"><a href=\"\/index.php\/groups-for-socat-version-2019\/\">here<\/a><\/span>.<\/p>\n","protected":false},"excerpt":{"rendered":"<p>Before using SOCAT data products, please read the Data Use Statement Data Access SOCAT version 2019 data products are available in a variety of formats: Interactive viewers Use the Interactive Viewers from the Live Access Server to explore and download gridded or non-gridded data following selected criteria (region, year, platform, etc.). Making maps and property &hellip; <a href=\"https:\/\/socat.info\/index.php\/version-2019\/\" class=\"more-link\">Continue reading<span class=\"screen-reader-text\"> &#8220;SOCAT version 2019&#8221;<\/span><\/a><\/p>\n","protected":false},"author":1,"featured_media":0,"parent":0,"menu_order":0,"comment_status":"closed","ping_status":"closed","template":"","meta":{"footnotes":""},"class_list":["post-1993","page","type-page","status-publish","hentry"],"_links":{"self":[{"href":"https:\/\/socat.info\/index.php\/wp-json\/wp\/v2\/pages\/1993","targetHints":{"allow":["GET"]}}],"collection":[{"href":"https:\/\/socat.info\/index.php\/wp-json\/wp\/v2\/pages"}],"about":[{"href":"https:\/\/socat.info\/index.php\/wp-json\/wp\/v2\/types\/page"}],"author":[{"embeddable":true,"href":"https:\/\/socat.info\/index.php\/wp-json\/wp\/v2\/users\/1"}],"replies":[{"embeddable":true,"href":"https:\/\/socat.info\/index.php\/wp-json\/wp\/v2\/comments?post=1993"}],"version-history":[{"count":37,"href":"https:\/\/socat.info\/index.php\/wp-json\/wp\/v2\/pages\/1993\/revisions"}],"predecessor-version":[{"id":3344,"href":"https:\/\/socat.info\/index.php\/wp-json\/wp\/v2\/pages\/1993\/revisions\/3344"}],"wp:attachment":[{"href":"https:\/\/socat.info\/index.php\/wp-json\/wp\/v2\/media?parent=1993"}],"curies":[{"name":"wp","href":"https:\/\/api.w.org\/{rel}","templated":true}]}}