{"id":20,"date":"2017-04-05T15:37:44","date_gmt":"2017-04-05T13:37:44","guid":{"rendered":"http:\/\/beta.socat.info\/?page_id=20"},"modified":"2024-01-12T15:29:21","modified_gmt":"2024-01-12T14:29:21","slug":"frequently-asked-questions","status":"publish","type":"page","link":"https:\/\/socat.info\/index.php\/frequently-asked-questions\/","title":{"rendered":"Frequently Asked Questions"},"content":{"rendered":"<p>1. <strong>Where can I learn more about the SOCAT data collection?<\/strong><br \/>\nA series of publications documents the public SOCAT data collection (<a href=\"http:\/\/www.earth-syst-sci-data.net\/5\/125\/2013\/\">Pfeil et al., 2013<\/a>; <a href=\"http:\/\/www.earth-syst-sci-data.net\/5\/145\/2013\/\">Sabine et al., 2013<\/a>; <a href=\"http:\/\/www.earth-syst-sci-data.net\/6\/69\/2014\/\">Bakker et al., 2014<\/a> and <a href=\"http:\/\/www.earth-syst-sci-data.net\/8\/383\/2016\/essd-8-383-2016.html\">2016<\/a>). A list of references is at the end of these FAQs.<\/p>\n<p><strong>2. What datasets are included in the SOCAT data collection?<\/strong><br \/>\nThe public SOCAT data collection has quality controlled surface ocean fCO\u2082 (fugacity of CO\u2082) values in a uniform format from the global oceans and coastal seas. Data coverage increased from the 1990s onwards.<\/p>\n<p><strong>3. How should I cite the SOCAT data products?<\/strong><br \/>\nVersion 2023: Bakker et al. (2016)<br \/>\nVersion 2022: Bakker et al. (2016)<br \/>\nVersion 2021: Bakker et al. (2016)<br \/>\nVersion 2020: Bakker et al. (2016)<br \/>\nVersion 2019: Bakker et al. (2016)<br \/>\nVersion 6: Bakker et al. (2016)<br \/>\nVersion 5: Bakker et al. (2016)<br \/>\nVersion 4: Bakker et al. (2016)<br \/>\nVersion 3: Bakker et al. (2016)<br \/>\nVersion 2: Bakker et al. (2014)<br \/>\nVersion 1 (synthesis data products): Pfeil et al. (2013)<br \/>\nVersion 1 (gridded data product): Sabine et al. (2013) and Pfeil et al. (2013)<\/p>\n<p><strong>4. What are the agreed-upon SOCAT QC flags?<\/strong><br \/>\nEach data set in SOCAT has been assigned a data set quality control flag (Pfeil et al., 2013; Bakker et al., 2014, 2016). Data sets with flags of A, B, C, D, or E are included in the public version 3. The synthesis and gridded files contain data sets with flags of A to D. Data sets with a flag of E are available in a separate synthesis file (Bakker et al., 2016).<\/p>\n<p>WOCE flags are applied to all fCO\u2082 values in the collection. A WOCE flag of 2 means \u2018good\u2019, a WOCE flag of 3 means \u2018questionable\u2019, and a WOCE flag of 4 means \u2018bad\u2019. The synthesis and gridded files contain fCO\u2082 values with a WOCE flag of 2. fCO\u2082 values with WOCE flags of 3 and 4 can be accessed in the individual data set files and via the Data Set Viewer (Bakker et al., 2016).<\/p>\n<p><strong>5. How was fCO\u2082 computed for data sets that reported other CO\u2082 parameters?<\/strong><br \/>\nThe procedure by which the variable fCO2_rec (the recomputed fCO\u2082) was obtained is described in Pfeil et al. (2013) and Bakker et al. (2014, 2016). The variable fCO2rec_src, available in the SOCAT synthesis data product, contains an integer (1-14) that indicates which pathway was used for the calculation of each fCO2_rec value.<\/p>\n<p><strong>6. How can I get a quick overview of the SOCAT data collection?<\/strong><br \/>\nThe SOCAT Data Set Viewer and the Gridded Data Viewer provide interactive access to the SOCAT data collection. Data can be selected by e.g. year, region, vessel and season. Making maps and property-property plots is straightforward. Access is via the links on the different SOCAT version pages (e.g. for <a href=\"\/index.php\/data-access\/\">version 2022<\/a>) under the <em>Interactive<\/em> header. More information on these Data Viewers follows below.<\/p>\n<p><strong>7. How can I download all or parts of the SOCAT data collection?<\/strong><br \/>\nThe data collection is available as downloadable individual data set files, as regional and global synthesis files and as gridded files. Use the links on the different SOCAT version pages (e.g. for <a href=\"\/index.php\/data-access\/\">version 2022<\/a>) under the <em>Data Files<\/em> header.<\/p>\n<p>Selections of data sets and gridded data can be downloaded via the SOCAT Data Set Viewer and the Gridded Data Viewer (see FAQ section below). Access is via the links on the different SOCAT version pages (e.g. for\u00a0<a href=\"\/index.php\/data-access\/\">version 2022<\/a>) under the\u00a0<em>Interactive<\/em>\u00a0header.<\/p>\n<p>A variety of file formats is available for download. A full description of these data products is in Pfeil et al. (2013), Sabine et al. (2013) and Bakker et al. (2014, 2016).<\/p>\n<p><strong>8. How can I get the SOCAT data collection into Matlab?<\/strong><br \/>\nMatlab code for reading the SOCAT synthesis files and gridded files is available via the\u00a0different SOCAT version pages (e.g. for\u00a0<a href=\"\/index.php\/data-access\/\">version 2022<\/a>) under the\u00a0<em>Instructions and MATLAB scripts<\/em>\u00a0header under the\u00a0<em>Synthesis and Gridded Files from NOAA NCEI<\/em> dropdown.<\/p>\n<p><strong>9. How can I access the SOCAT data collection in Ocean Data View (ODV)?<\/strong><br \/>\nThe SOCAT synthesis and gridded files are available in Ocean Data View via the \u2018Download Data\u2019 link on the SOCAT start page (<a href=\"https:\/\/www.socat.info\/\">https:\/\/www.socat.info<\/a>).<\/p>\n<p><strong>10. What is the SOCAT Fair Data Use Statement?<\/strong><br \/>\nThe SOCAT Fair Data Use Statement is available <a href=\"\/wp-content\/uploads\/2023\/06\/2023_SOCATv2023_Data_Use_Statement.pdf\">here<\/a>. In summary, we expect that users of SOCAT data products:<\/p>\n<ul>\n<li>Generously acknowledge the contribution of SOCAT data providers and investigators in the form of invitation to co-authorship, reference to relevant scientific articles by data providers or by naming data providers in the acknowledgements.\u00a0Specifically, in regional studies invite large data providers, who frequently possess valuable expert knowledge on data and region, to collaborate at an early stage, which may lead to an invitation of co-authorship. We recognize that co-authorship is only justified in case of a significant scientific contribution to a publication and that provision of data on its own does not warrant co-authorship.<\/li>\n<li>Cite SOCAT and its data products as:<br \/>\nVersion 2023: Bakker et al. (2016)<br \/>\nVersion 2022: Bakker et al. (2016)<br \/>\nVersion 2021: Bakker et al. (2016)<br \/>\nVersion 2020: Bakker et al. (2016)<br \/>\nVersion 2019: Bakker et al. (2016)<br \/>\nVersion 6: Bakker et al. (2016)<br \/>\nVersion 5: Bakker et al. (2016)<br \/>\nVersion 4: Bakker et al. (2016)<br \/>\nVersion 3: Bakker et al. (2016)<br \/>\nVersion 2: Bakker et al. (2014)<br \/>\nVersion 1 (synthesis data products): Pfeil et al. (2013)<br \/>\nVersion 1 (gridded data product): Sabine et al. (2013) and Pfeil et al. (2013)<\/li>\n<li>Include in the acknowledgements:<br \/>\n\u2018The Surface Ocean CO\u2082 Atlas (SOCAT) is an international effort, endorsed by the International Ocean Carbon Coordination Project (IOCCP), the Surface Ocean Lower Atmosphere Study (SOLAS) and the Integrated Marine Biosphere Research (IMBeR) program, to deliver a uniformly quality-controlled surface ocean CO\u2082 database. The many researchers and funding agencies responsible for the collection of data and quality control are thanked for their contributions to SOCAT.\u2019<\/li>\n<li>Report problems to\u00a0<a href=\"mailto:submit@socat.info\">submit@socat.info<\/a>.<\/li>\n<li>Inform\u00a0<a href=\"mailto:submit@socat.info\">submit@socat.info<\/a>\u00a0of publications in which SOCAT is used.<\/li>\n<\/ul>\n<p><strong>11. How do I upload data to SOCAT<br \/>\n<\/strong>Information on how to upload data can be found in a video and document <a href=\"\/index.php\/socat-help\/\">here<\/a>.\u00a0<strong><br \/>\n<\/strong><\/p>\n<p><strong>12. How do I quality control data<br \/>\n<\/strong>Information on how to quality control\u00a0data can be found in a video and document\u00a0<a href=\"\/index.php\/socat-help\/\">here<\/a>.\u00a0<strong><br \/>\n<\/strong><em><br \/>\nFor further advice please contact\u00a0<strong>submit@socat.info<\/strong>.<\/em><\/p>\n<h3>Using the SOCAT Data Set and Gridded Data Viewers<\/h3>\n<p><strong>1. What are the SOCAT Data Set and Gridded Data Viewers?<\/strong><br \/>\nThe SOCAT Data Set and Gridded Data Viewers provide an interactive, powerful visualization tool for the SOCAT data collection, hosted by a Live Access Server (LAS). Access is via the links on the different SOCAT version pages (e.g. for\u00a0<a href=\"\/index.php\/data-access\/\">version 2020<\/a>) under the\u00a0<em>Interactive<\/em>\u00a0header. There is also a video <a href=\"\/index.php\/socat-help\/\">here<\/a>\u00a0showing how to use the Data Set Viewer and the Gridded Data Viewer.<\/p>\n<p><strong>2. What types of output can the SOCAT Data Set Viewer provide?<\/strong><br \/>\nIn the SOCAT Data Set Viewer you can make maps and property-property plots of selections of data, sub-set the data collection and download data sets. Data selections may be based upon constraints such as data set ID, vessel or platform name, season, data set quality control (QC) flag, space-time region, etc. Small or large subsets of the data can be downloaded. The SOCAT Data Set Viewer provides access to the quality control comments by SOCAT quality controllers. New functionality is constantly being added, and you can request new features, comment on current ones, and file bug reports via email to <a href=\"mailto:submit@socat.info\">submit@socat.info<\/a>.<\/p>\n<p><strong>3. How do I select data from specific data sets on the SOCAT Data Set Viewer?<\/strong><br \/>\nOpen the main SOCAT Data Set Viewer. On the left hand side, select \u201cexpocode\u201d under the \u201cby Dataset\u201d label. A list of all possible expocodes will appear. You may filter expocodes by entering a search string into the \u201cFilter\u201d box. Select all the expocodes from which you would like to see data. Your selection will appear in the box \u201cMy selections\u201d. Alternatively you may select data sets by region, vessel, investigator, etc. These selection criteria are available under the buttons on the left hand side, e.g. under the \u201cby Dataset\u201d, \u201cby Region\u201d, \u201cby Metadata\u201d buttons. On the top of the page, click &#8220;Update Plot&#8221; to update the map and subset those data sets from the collection.<\/p>\n<p><strong>4. How do I download data from the SOCAT Data Set Viewer?<\/strong><br \/>\nOpen the main SOCAT Data Set Viewer and select the data set(s) you would like to download, as described above. On the top of the page, click \u201cSave As&#8230;&#8221; to download all the data from those data sets in a tab delimited text file.<\/p>\n<p><strong>5. How do I obtain the metadata and quality control comments for specific data sets?<\/strong><br \/>\nOpen the main SOCAT Data Set Viewer and select the data set(s) you are interested in, as described above. On the top of the page, click &#8220;Table of Datasets&#8221;. This will open the Table of Datasets page, listing the data sets.<\/p>\n<p>For metadata: Click on the \u201cDocumentation\u201d link accompanying the data set you are interested in. This will open up a file browser that will provide access to the metadata files for that data set.<\/p>\n<p>For quality control comments: Click on the \u201cExamine QC Flags\u201d link accompanying the data set you are interested in. This will open up a file browser with the quality control comments for that data set. Quality control comments entered as part of earlier SOCAT versions will appear by clicking on \u201cShow all versions\u201d.<\/p>\n<p>&nbsp;<\/p>\n<div style=\"margin-left: 34px; text-indent: -34px;\">\n<h6>References<\/h6>\n<p>Bakker, D. C. E., Pfeil, B. Landa, C. S., Metzl, N., O\u2019Brien, K. M., Olsen, A., Smith, K., Cosca, C., Harasawa, S., Jones, S. D., Nakaoka, S., Nojiri, Y., Schuster, U., Steinhoff, T., Sweeney, C., Takahashi, T., Tilbrook, B., Wada, C., Wanninkhof, R., Alin, S. R., Balestrini, C. F., Barbero, L., Bates, N. R., Bianchi, A. A., Bonou, F., Boutin, J., Bozec, Y., Burger, E. F., Cai, W.-J., Castle, R. D., Chen, L., Chierici, M., Currie, K., Evans, W., Featherstone, C., Feely, R. A., Fransson, A., Goyet, C., Greenwood, N., Gregor, L., Hankin, S., Hardman-Mountford, N. J., Harlay, J., Hauck, J., Hoppema, M., Humphreys, M. P., Hunt, C. W., Huss, B., Ib\u00e1nhez, J. S. P., Johannessen, T., Keeling, R., Kitidis, V., K\u00f6rtzinger, A., Kozyr, A., Krasakopoulou, E., Kuwata, A., Landsch\u00fctzer, P., Lauvset, S. K., Lef\u00e8vre, N., Lo Monaco, C., Manke, A., Mathis, J. T., Merlivat, L., Millero, F. J., Monteiro, P. M. S., Munro, D. R., Murata, A., Newberger, T., Omar, A. M., Ono, T., Paterson, K., Pearce, D., Pierrot, D., Robbins, L. L., Saito, S., Salisbury, J., Schlitzer, R., Schneider, B., Schweitzer, R., Sieger, R., Skjelvan, I., Sullivan, K. F., Sutherland, S. C., Sutton, A. J., Tadokoro, K., Telszewski, M., Tuma, M., Van Heuven, S. M. A. C., Vandemark, D., Ward, B., Watson, A. J., Xu, S. (2016) A multi-decade record of high quality fCO\u2082 data in version 3 of the Surface Ocean CO\u2082 Atlas (SOCAT). Earth Syst. Sci. Data, 8, 383-413, <a href=\"http:\/\/www.earth-syst-sci-data.net\/8\/383\/2016\/essd-8-383-2016.html\">doi:10.5194\/essd-8-383-2016<\/a>.<\/p>\n<p>Bakker, D. C. E., Pfeil, B., Smith, K., Hankin, S., Olsen, A., Alin, S. R., Cosca, C., Harasawa, S., Kozyr, A., Nojiri, Y., O\u2019Brien, K. M., Schuster, U., Telszewski, M., Tilbrook, B., Wada, C., Akl, J., Barbero, L., Bates, N. R., Boutin, J., Bozec, Y., Cai, W.-J., Castle, R. D., Chavez, F. P., Chen, L., Chierici, M., Currie, K., De Baar, H. J. W., Evans, W., Feely, R. A., Fransson, A., Gao, Z., Hales, B., Hardman-Mountford, N. J., Hoppema, M., Huang, W.-J., Hunt, C. W., Huss, B., Ichikawa, T., Johannessen, T., Jones, E. M., Jones, S., Jutterstr\u00f8m, S., Kitidis, V., K\u00f6rtzinger, A., Landsch\u00fctzer, P., Lauvset, S. K., Lef\u00e8vre, N., Manke, A. B., Mathis, J. T., Merlivat, L., Metzl, N., Murata, A., Newberger, T., Omar, A. M., Ono, T., Park, G.-H., Paterson, K., Pierrot, D., R\u00edos, A. F., Sabine, C. L., Saito, S., Salisbury, J., Sarma, V. V. S. S., Schlitzer, R., Sieger, R., Skjelvan, I., Steinhoff, T., Sullivan, K. F., Sun, H., Sutton, A. J., Suzuki, T., Sweeney, C., Takahashi, T., Tjiputra, J., Tsurushima, N., Van Heuven, S. M. A. C., Vandemark, D., Vlahos, P., Wallace, D. W. R., Wanninkhof, R. and Watson, A. J. (2014) An update to the Surface Ocean CO\u2082 Atlas (SOCAT version 2), Earth Syst. Sci. Data, 6, 69-90, <a href=\"http:\/\/www.earth-syst-sci-data.net\/6\/69\/2014\/\">doi:10.5194\/essd-6-69-2014<\/a>.<\/p>\n<p>Pfeil, B., Olsen, A., Bakker, D. C. E., Hankin, S., Koyuk, H., Kozyr, A., Malczyk, J., Manke, A., Metzl, N., Sabine, C. L., Akl, J., Alin, S. R., Bates, N., Bellerby, R. G. J., Borges, A., Boutin, J., Brown, P. J., Cai, W.-J., Chavez, F. P., Chen, A., Cosca, C., Fassbender, A. J., Feely, R. A., Gonz\u00e1lez-D\u00e1vila, M., Goyet, C., Hales, B., Hardman-Mountford, N., Heinze, C., Hood, M., Hoppema, M., Hunt, C. W., Hydes, D., Ishii, M., Johannessen, T., Jones, S. D., Key, R. M., K\u00f6rtzinger, A., Landsch\u00fctzer, P., Lauvset, S. K., Lef\u00e8vre, N., Lenton, A., Lourantou, A., Merlivat, L., Midorikawa, T., Mintrop, L., Miyazaki, C., Murata, A., Nakadate, A., Nakano, Y., Nakaoka, S., Nojiri, Y., Omar, A. M., Padin, X. A., Park, G.-H., Paterson, K., Perez, F. F., Pierrot, D., Poisson, A., R\u00edos, A. F., Santana-Casiano, J. M., Salisbury, J., Sarma, V. V. S. S., Schlitzer, R., Schneider, B., Schuster, U., Sieger, R., Skjelvan, I., Steinhoff, T., Suzuki, T., Takahashi, T., Tedesco, K., Telszewski, M., Thomas, H., Tilbrook, B., Tjiputra, J., Vandemark, D., Veness, T., Wanninkhof, R., Watson, A. J., Weiss, R., Wong, C. S., and Yoshikawa-Inoue, H. (2013) A uniform, quality controlled Surface Ocean CO\u2082 Atlas (SOCAT), Earth Syst. Sci. Data, 5, 125-143. <a href=\"http:\/\/www.earth-syst-sci-data.net\/5\/125\/2013\/\">doi:10.5194\/essd-5-125-2013<\/a>.<\/p>\n<p>Sabine, C. L., Hankin, S., Koyuk, H., Bakker, D. C. E., Pfeil, B., Olsen, A., Metzl, N., Kozyr, A., Fassbender, A., Manke, A., Malczyk, J., Akl, J., Alin, S. R., Bellerby, R. G. J., Borges, A., Boutin, J., Brown, P. J., Cai, W.-J., Chavez, F. P., Chen, A., Cosca, C., Feely, R. A., Gonz\u00e1lez-D\u00e1vila, M., Goyet, C., Hardman-Mountford, N., Heinze, C., Hoppema, M., Hunt, C. W., Hydes, D., Ishii, M., Johannessen, T., Key, R. M., K\u00f6rtzinger, A., Landsch\u00fctzer, P., Lauvset, S. K., Lef\u00e8vre, N., Lenton, A., Lourantou, A., Merlivat, L., Midorikawa, T., Mintrop, L., Miyazaki, C., Murata, A., Nakadate, A., Nakano, Y., Nakaoka, S., Nojiri, Y., Omar, A. M., Padin, X. A., Park, G.-H., Paterson, K., Perez, F. F., Pierrot, D., Poisson, A., R\u00edos, A. F., Salisbury, J., Santana-Casiano, J. M., Sarma, V. V. S. S., Schlitzer, R., Schneider, B., Schuster, U., Sieger, R., Skjelvan, I., Steinhoff, T., Suzuki, T., Takahashi, T., Tedesco, K., Telszewski, M., Thomas, H., Tilbrook, B., Vandemark, D., Veness, T., Watson, A. J., Weiss, R., Wong, C. S., and Yoshikawa-Inoue, H. (2013) Surface Ocean CO\u2082 Atlas (SOCAT) gridded data products, Earth Syst. Sci. Data, 5, 145-153. <a href=\"http:\/\/www.earth-syst-sci-data.net\/5\/145\/2013\/\">doi:10.5194\/essd-5-145-2013<\/a>.<\/p>\n<\/div>\n","protected":false},"excerpt":{"rendered":"<p>1. Where can I learn more about the SOCAT data collection? A series of publications documents the public SOCAT data collection (Pfeil et al., 2013; Sabine et al., 2013; Bakker et al., 2014 and 2016). A list of references is at the end of these FAQs. 2. What datasets are included in the SOCAT data &hellip; <a href=\"https:\/\/socat.info\/index.php\/frequently-asked-questions\/\" class=\"more-link\">Continue reading<span class=\"screen-reader-text\"> &#8220;Frequently Asked Questions&#8221;<\/span><\/a><\/p>\n","protected":false},"author":1,"featured_media":0,"parent":0,"menu_order":0,"comment_status":"closed","ping_status":"closed","template":"","meta":{"footnotes":""},"class_list":["post-20","page","type-page","status-publish","hentry"],"_links":{"self":[{"href":"https:\/\/socat.info\/index.php\/wp-json\/wp\/v2\/pages\/20","targetHints":{"allow":["GET"]}}],"collection":[{"href":"https:\/\/socat.info\/index.php\/wp-json\/wp\/v2\/pages"}],"about":[{"href":"https:\/\/socat.info\/index.php\/wp-json\/wp\/v2\/types\/page"}],"author":[{"embeddable":true,"href":"https:\/\/socat.info\/index.php\/wp-json\/wp\/v2\/users\/1"}],"replies":[{"embeddable":true,"href":"https:\/\/socat.info\/index.php\/wp-json\/wp\/v2\/comments?post=20"}],"version-history":[{"count":37,"href":"https:\/\/socat.info\/index.php\/wp-json\/wp\/v2\/pages\/20\/revisions"}],"predecessor-version":[{"id":3057,"href":"https:\/\/socat.info\/index.php\/wp-json\/wp\/v2\/pages\/20\/revisions\/3057"}],"wp:attachment":[{"href":"https:\/\/socat.info\/index.php\/wp-json\/wp\/v2\/media?parent=20"}],"curies":[{"name":"wp","href":"https:\/\/api.w.org\/{rel}","templated":true}]}}