{"id":2297,"date":"2020-06-05T08:56:15","date_gmt":"2020-06-05T06:56:15","guid":{"rendered":"https:\/\/www.socat.info\/?page_id=2297"},"modified":"2025-06-24T11:30:12","modified_gmt":"2025-06-24T09:30:12","slug":"version-2020","status":"publish","type":"page","link":"https:\/\/socat.info\/index.php\/version-2020\/","title":{"rendered":"SOCAT version 2020"},"content":{"rendered":"<h5 style=\"text-align: center; border: 2px solid #264f72; width: 90%; padding: 10px; background-color: #c8d4e0;\"><strong>Before using SOCAT data products, please read the <a style=\"color: #db6846;\" href=\"\/wp-content\/uploads\/2025\/05\/DataUseStatement_v2020.pdf\">Data Use Statement<\/a><\/strong><\/h5>\n<h3>Data Access<\/h3>\n<p>SOCAT version 2020 data products are available in a variety of formats. Please provide feedback about issues (data usage or updated data submissions of existing data)  to <a href=\"mailto:submit@socat.info\">submit@socat.info<\/a>.<\/p>\n<table>\n<tbody>\n<tr>\n<td style=\"vertical-align: top;\" width=\"20%\"><a href=\"http:\/\/ferret.pmel.noaa.gov\/LAS\/\"><img loading=\"lazy\" decoding=\"async\" class=\"alignnone wp-image-720\" src=\"\/wp-content\/uploads\/2017\/07\/las.png\" alt=\"\" width=\"104\" height=\"64\" \/><\/a><\/td>\n<td>\n<h5><strong>Interactive viewers<br \/>\n<\/strong><\/h5>\n<p>Use the Interactive Viewers from the Live Access Server to explore and download gridded or non-gridded data following selected criteria (region, year, platform, etc.). Making maps and property plots is straight forward and a good way to to get a quick overview of the data collection.<\/p>\n<ul>\n<li><a href=\"https:\/\/ferret.pmel.noaa.gov\/socat\/las\/UI.vm#panelHeaderHidden=false;differences=false;autoContour=false;globalMin=12.91201;globalMax=7748.566;xCATID=SOCATv2020_ERDDAP;xDSID=socat_v2020_fulldata;varid=fCO2_recommended-socat_v2020_fulldata;imageSize=auto;over=xy;compute=None;constraintCount=2;constraint0=text_cr_none_cr_none_cr_WOCE_CO2_water_cr_2_cr_WOCE_CO2_water_cr_2_cr_eq_cr_;constraint1=variable_cr_socat_v2020_fulldata_cr_fCO2_recommended-socat_v2020_fulldata_cr_fCO2_recommended_cr_NaN_cr_fCO2_recommended_cr_NaN_cr_ne_cr_;constraintPanelIndex=0token;catid=SOCATv2020_ERDDAP;dsid=socat_v2020_fulldata;varid=fCO2_recommended-socat_v2020_fulldata;avarcount=0;xlo=-180;xhi=180;ylo=-80;yhi=90;tlo=01-Jan-1957%2000:00;thi=31-Dec-2020%2000:00;operation_id=Trajectory_interactive_plot;view=xyt\" target=\"_blank\" rel=\"noopener noreferrer\">Interactive Data Set Viewer<\/a><\/li>\n<li><a href=\"https:\/\/ferret.pmel.noaa.gov\/socat\/las\/UI.vm#panelHeaderHidden=false;differences=false;autoContour=false;xCATID=SOCATv2020_gridded_decadal;xDSID=socat_v2020_decadal;varid=fco2_ave_weighted_decade-socat_v2020_decadal;imageSize=auto;over=xy;compute=Nonetoken;tlo=1-JAN-2015;thi=1-JAN-2015;catid=SOCATv2020_gridded_decadal;dsid=socat_v2020_decadal;varid=fco2_ave_weighted_decade-socat_v2020_decadal;avarcount=0;xlo=-179.5;xhi=179.5;ylo=-89.5;yhi=89.5;operation_id=Plot_2D_XY_zoom;view=xy\" target=\"_blank\" rel=\"noopener noreferrer\">Interactive Gridded Data Viewer<\/a><\/li>\n<\/ul>\n<\/td>\n<\/tr>\n<tr>\n<td style=\"vertical-align: top;\" width=\"20%\"><!--<a href=\"http:\/\/ferret.pmel.noaa.gov\/LAS\/\"><img loading=\"lazy\" decoding=\"async\" class=\"alignnone wp-image-720\" src=\"\/wp-content\/uploads\/2017\/07\/las.png\" alt=\"\" width=\"104\" height=\"64\" \/><\/a>--><\/td>\n<td>\n<h5><strong>ERDDAP\u2122<\/strong><\/h5>\n<p>Complete and Decimated versions of SOCAT from Version 3 onwards are available via ERDDAP\u2122:<\/p>\n<ul>\n<li><a href=\"https:\/\/data.pmel.noaa.gov\/socat\/erddap\/info\/index.html\">SOCAT ERDDAP<\/a><\/li>\n<\/ul>\n<\/td>\n<\/tr>\n<tr>\n<td style=\"vertical-align: top; padding-top: 60px;\"><a href=\"https:\/\/www.ncei.noaa.gov\/\"><img loading=\"lazy\" decoding=\"async\" class=\"alignnone wp-image-261\" src=\"\/wp-content\/uploads\/2017\/06\/NCEI-logo-300x300.png\" alt=\"\" width=\"96\" height=\"96\" \/><\/a><\/td>\n<td style=\"padding-top: 60px;\">\n<h5><strong>Synthesis and gridded files<br \/>\n<\/strong><\/h5>\n<p>Global and regional synthesis files, as well as gridded files, are available as text files and netcdf, respectively, via the <a href=\"https:\/\/www.ncei.noaa.gov\/data\/oceans\/ncei\/ocads\/metadata\/0210711.html\" target=\"_blank\" rel=\"noopener noreferrer\">OCADS Metadata Page<\/a> at the National Centers for Environmental Information. Matlab code is available for reading these text files.<\/p>\n<table>\n<tbody>\n<tr>\n<td><span style=\"color: #000000;\"><strong>Synthesis files<\/strong><\/span><\/td>\n<td><span style=\"color: #000000;\"><strong>Main source (NCEI)<\/strong><\/span><\/td>\n<td><span style=\"color: #000000;\"><strong>GEOMAR Mirror (Zipped)<\/strong><\/span><\/td>\n<\/tr>\n<tr>\n<td>All<\/td>\n<td><a href=\"https:\/\/www.ncei.noaa.gov\/data\/oceans\/ncei\/ocads\/data\/0210711\/SOCATv2020.tsv\">5.4 Gb<\/a><\/td>\n<td><a href=\"\/socat_files\/v2020\/SOCATv2020.tsv.zip\">830 Mb<\/a><\/td>\n<\/tr>\n<tr>\n<td>Arctic<\/td>\n<td><a href=\"https:\/\/www.ncei.noaa.gov\/data\/oceans\/ncei\/ocads\/data\/0210711\/SOCATv2020_Arctic.tsv\">308 Mb<\/a><\/td>\n<td><a href=\"\/socat_files\/v2020\/SOCATv2020_Arctic.tsv.zip\">44 Mb<\/a><\/td>\n<\/tr>\n<tr>\n<td>Coastal<\/td>\n<td><a href=\"https:\/\/www.ncei.noaa.gov\/data\/oceans\/ncei\/ocads\/data\/0210711\/SOCATv2020_Coastal.tsv\">2.3 Gb<\/a><\/td>\n<td><a href=\"\/socat_files\/v2020\/SOCATv2020_Coastal.tsv.zip\">362 Mb<\/a><\/td>\n<\/tr>\n<tr>\n<td>Indian Ocean<\/td>\n<td><a href=\"https:\/\/www.ncei.noaa.gov\/data\/oceans\/ncei\/ocads\/data\/0210711\/SOCATv2020_Indian.tsv\">61 Mb<\/a><\/td>\n<td><a href=\"\/socat_files\/v2020\/SOCATv2020_Indian.tsv.zip\">7 Mb<\/a><\/td>\n<\/tr>\n<tr>\n<td>North Atlantic<\/td>\n<td><a href=\"https:\/\/www.ncei.noaa.gov\/data\/oceans\/ncei\/ocads\/data\/0210711\/SOCATv2020_NorthAtlantic.tsv\">446 Mb<\/a><\/td>\n<td><a href=\"\/socat_files\/v2020\/SOCATv2020_NorthAtlantic.tsv.zip\">73 Mb<\/a><\/td>\n<\/tr>\n<tr>\n<td>North Pacific<\/td>\n<td><a href=\"https:\/\/www.ncei.noaa.gov\/data\/oceans\/ncei\/ocads\/data\/0210711\/SOCATv2020_NorthPacific.tsv\">156 Mb<\/a><\/td>\n<td><a href=\"\/socat_files\/v2020\/SOCATv2020_NorthPacific.tsv.zip\">25 Mb<\/a><\/td>\n<\/tr>\n<tr>\n<td>Southern Oceans<\/td>\n<td><a href=\"https:\/\/www.ncei.noaa.gov\/data\/oceans\/ncei\/ocads\/data\/0210711\/SOCATv2020_SouthernOceans.tsv\">1.4 Gb<\/a><\/td>\n<td><a href=\"\/socat_files\/v2020\/SOCATv2020_SouthernOceans.tsv.zip\">207 Mb<\/a><\/td>\n<\/tr>\n<tr>\n<td>Tropical Atlantic<\/td>\n<td><a href=\"https:\/\/www.ncei.noaa.gov\/data\/oceans\/ncei\/ocads\/data\/0210711\/SOCATv2020_TropicalAtlantic.tsv\">231 Mb<\/a><\/td>\n<td><a href=\"\/socat_files\/v2020\/SOCATv2020_TropicalAtlantic.tsv.zip\">37 Mb<\/a><\/td>\n<\/tr>\n<tr>\n<td>Tropical Pacific<\/td>\n<td><a href=\"https:\/\/www.ncei.noaa.gov\/data\/oceans\/ncei\/ocads\/data\/0210711\/SOCATv2020_TropicalPacific.tsv\">523 Mb<\/a><\/td>\n<td><a href=\"\/socat_files\/v2020\/SOCATv2020_TropicalPacific.tsv.zip\">78 Mb<\/a><\/td>\n<\/tr>\n<tr>\n<td>Flag E<\/td>\n<td><a href=\"https:\/\/www.ncei.noaa.gov\/data\/oceans\/ncei\/ocads\/data\/0210711\/SOCATv2020_FlagE.tsv\">420 Mb<\/a><\/td>\n<td><a href=\"\/socat_files\/v2020\/SOCATv2020_FlagE.tsv.zip\">54 Mb<\/a><\/td>\n<\/tr>\n<\/tbody>\n<\/table>\n<table>\n<tbody>\n<tr>\n<td><a href=\"\/wp-content\/uploads\/2020\/06\/Instructions-for-Read_SOCATv3-v2020.pdf\"><span style=\"font-size: small;\">Instructions for reading synthesis files<\/span><\/a><\/td>\n<td><span style=\"font-size: small;\">928 Kb<\/span><\/td>\n<\/tr>\n<tr>\n<td><a href=\"\/wp-content\/uploads\/2020\/06\/Read_SOCATv3_v2020.m\"><span style=\"font-size: small;\">Matlab code for reading synthesis files<\/span><\/a><\/td>\n<td><span style=\"font-size: small;\">19 Kb<\/span><\/td>\n<\/tr>\n<\/tbody>\n<\/table>\n<table>\n<tbody>\n<tr>\n<td><strong>Gridded files<\/strong><\/td>\n<td><strong>Main source (NCEI)<\/strong><\/td>\n<td><strong>GEOMAR Mirror (Zipped)<\/strong><\/td>\n<\/tr>\n<tr>\n<td>Monthly (nc)<\/td>\n<td><a href=\"https:\/\/www.ncei.noaa.gov\/data\/oceans\/ncei\/ocads\/data\/0210711\/SOCATv2020_Gridded_Dat\/SOCATv2020_tracks_gridded_monthly.nc\">3.5 Gb<\/a><\/td>\n<td><a href=\"\/socat_files\/v2020\/SOCATv2020_tracks_gridded_monthly.nc.zip\">32 Mb<\/a><\/td>\n<\/tr>\n<tr>\n<td>Monthly (csv)<\/td>\n<td><a href=\"https:\/\/www.ncei.noaa.gov\/data\/oceans\/ncei\/ocads\/data\/0210711\/SOCATv2020_Gridded_Dat\/SOCATv2020_tracks_gridded_monthly.csv\">43 Mb<\/a><\/td>\n<td><a href=\"\/socat_files\/v2020\/SOCATv2020_tracks_gridded_monthly.csv.zip\">12 Mb<\/a><\/td>\n<\/tr>\n<tr>\n<td>Yearly (nc)<\/td>\n<td><a href=\"https:\/\/www.ncei.noaa.gov\/data\/oceans\/ncei\/ocads\/data\/0210711\/SOCATv2020_Gridded_Dat\/SOCATv2020_tracks_gridded_yearly.nc\">198 Mb<\/a><\/td>\n<td><a href=\"\/socat_files\/v2020\/SOCATv2020_tracks_gridded_yearly.nc.zip\">9 Mb<\/a><\/td>\n<\/tr>\n<tr>\n<td>Yearly (csv)<\/td>\n<td><a href=\"https:\/\/www.ncei.noaa.gov\/data\/oceans\/ncei\/ocads\/data\/0210711\/SOCATv2020_Gridded_Dat\/SOCATv2020_tracks_gridded_yearly.csv\">23 Mb<\/a><\/td>\n<td><a href=\"\/socat_files\/v2020\/SOCATv2020_tracks_gridded_yearly.csv.zip\">6 Mb<\/a><\/td>\n<\/tr>\n<tr>\n<td>Decadal (nc)<\/td>\n<td><a href=\"https:\/\/www.ncei.noaa.gov\/data\/oceans\/ncei\/ocads\/data\/0210711\/SOCATv2020_Gridded_Dat\/SOCATv2020_tracks_gridded_decadal.nc\">20 Mb<\/a><\/td>\n<td><a href=\"\/socat_files\/v2020\/SOCATv2020_tracks_gridded_decadal.nc.zip\">3 Mb<\/a><\/td>\n<\/tr>\n<tr>\n<td>Decadal (csv)<\/td>\n<td><a href=\"https:\/\/www.ncei.noaa.gov\/data\/oceans\/ncei\/ocads\/data\/0210711\/SOCATv2020_Gridded_Dat\/SOCATv2020_tracks_gridded_decadal.csv\">8.8 Mb<\/a><\/td>\n<td><a href=\"\/socat_files\/v2020\/SOCATv2020_tracks_gridded_decadal.csv.zip\">3 Mb<\/a><\/td>\n<\/tr>\n<tr>\n<td>Quarter-degree monthly coastal (nc)<\/td>\n<td><a href=\"https:\/\/www.ncei.noaa.gov\/data\/oceans\/ncei\/ocads\/data\/0210711\/SOCATv2020_Gridded_Dat\/SOCATv2020_qrtrdeg_gridded_coast_monthly.nc\">360 Mb<\/a><\/td>\n<td><a href=\"\/socat_files\/v2020\/SOCATv2020_qrtrdeg_gridded_coast_monthly.nc.zip\">125 Mb<\/a><\/td>\n<\/tr>\n<tr>\n<td>Quarter-degree monthly coastal (csv)<\/td>\n<td><a href=\"https:\/\/www.ncei.noaa.gov\/data\/oceans\/ncei\/ocads\/data\/0210711\/SOCATv2020_Gridded_Dat\/SOCATv2020_qrtrdeg_gridded_coast_monthly.csv\">105 Mb<\/a><\/td>\n<td><a href=\"\/socat_files\/v2020\/SOCATv2020_qrtrdeg_gridded_coast_monthly.csv.zip\">30 Mb<\/a><\/td>\n<\/tr>\n<\/tbody>\n<\/table>\n<table>\n<tbody>\n<tr>\n<td><a href=\"\/wp-content\/uploads\/2020\/06\/read_SOCATV3_v2020_gridded_netcdf_files.m\"><span style=\"font-size: small;\">Matlab code for reading gridded files<\/span><\/a><\/td>\n<td><span style=\"font-size: small;\">8 Kb<\/span><\/td>\n<\/tr>\n<\/tbody>\n<\/table>\n<\/td>\n<\/tr>\n<\/tbody>\n<\/table>\n<h3>Description<\/h3>\n<p>More description on SOCAT version 2020 can be found in the <a href=\"\/wp-content\/uploads\/2020\/06\/2020_Poster_SOCATv2020_release.pdf\">version 2020 release poster<\/a>.<br \/>\nFor a detailed description of data products, file formats and tools, see:<\/p>\n<div style=\"margin-left: 34px; text-indent: -34px;\">Bakker et al. (2016) A multi-decade record of high quality fCO\u2082 data in version 3 of the Surface Ocean CO\u2082 Atlas (SOCAT). Earth System Science Data, 8: 383-413. <a href=\"http:\/\/www.earth-syst-sci-data.net\/8\/383\/2016\/essd-8-383-2016.html\">doi:10.5194\/essd-8-383-2016<\/a><\/div>\n<div style=\"margin-left: 34px; text-indent: -34px;\">Bakker et al. (2014) An update to the Surface Ocean CO\u2082 Atlas (SOCAT version 2). Earth System Science Data 6: 69-90. <a href=\"http:\/\/www.earth-syst-sci-data.net\/6\/69\/2014\/essd-6-69-2014.html\">doi:10.5194\/essd-6-69-2014<\/a><\/div>\n<div style=\"margin-left: 34px; text-indent: -34px;\">Pfeil et al. (2013) A uniform, quality controlled Surface Ocean CO\u2082 Atlas (SOCAT), Earth Syst. Sci. Data, 5, 125-143. <a href=\"http:\/\/www.earth-syst-sci-data.net\/5\/125\/2013\/\">doi:10.5194\/essd-5-125-2013<\/a><\/div>\n<div style=\"margin-left: 34px; text-indent: -34px;\">Sabine et al. (2013)<span class=\"c2\"> Surface Ocean CO2 Atlas (SOCAT) gridded data products. Earth System Science Data 5: 145-153. <\/span><span class=\"c5 c2\"><a class=\"c1\" href=\"http:\/\/www.earth-syst-sci-data.net\/5\/145\/2013\/\">doi:10.5194\/essd-5-145-2013<\/a><\/span><\/div>\n<h3>Recalculation <!-- <span style=\"color: #ff0000;\">(need changes?)<\/span> --><\/h3>\n<p>Recalculation in SOCAT version 2020 took place using Ferret scripts, based on Matlab codes by Are Olsen (University of Bergen\/Bjerknes Centre for Climate Research). The Matlab codes can be obtained <a href=\"\/wp-content\/uploads\/2017\/06\/SOCAT_matlab.zip\">here<\/a>.<br \/>\n<a name=\"credits\"><\/a><\/p>\n<h3>Credits<\/h3>\n<p>For SOCAT version 2020 we would like to thank all SOCAT data contributors, quality controllers, and members of the automation team:<\/p>\n<p>Bakker, Dorothee C. E.; Alin, Simone R; Bates, Nicholas R.; Becker, Meike; Casta\u00f1o-Primo, Roc\u00edo; Cosca, Cathy; Cronin, Margot; Kadono, Koji; Kozyr, Alex; Lauvset, Siv K.; Metzl, Nicolas; Munro, David R.; Nakaoka, Shin-Ichiro; O&#8217;Brien, Kevin M.; \u00d3lafsson, Jon; Olsen, Are; Pfeil, Benjamin; Pierrot, Denis; Smith, Karl; Sutton, Adrienne; Takahashi, Taro; Tilbrook, Bronte; Wanninkhof, Rik; Andersson, Andreas; Atamanchuk Dariia; Benoit-Cattin-Breton, Alice; Bott, Randy; Burger, Eugene; Cai, Wei-Jun; Cantoni, Carolina; Collins, Andrew; Corredor, Jorge; Cronin, Meghan; Cross, Jessica; Currie, Kim; De Carlo, Eric; DeGrandpre, Michael D.; Dietrich, Colin; Emerson, Steven; Enright, Matt; Evans, Wiley; Feely, Richard A.; Garcia-Ibanez, Maribel; Gkritzalis, Thanos; Glockzin,Michael; Hales, Burke; Hartman, Susan E.; Hashida, Gen; Herndon, Julian; Howden, Stephan; Humphreys, Matthew; Hunt, Christopher W.; Jones, Stephen; Kim, Seonjeong; Kitidis, Vassilis; Landa, Camilla S.; Landsch\u00fctzer, Peter; Lebon, Geoff; Lef\u00e8vre, Nathalie; Lo Monaco, Claire; Luchetta, Anna; Maenner, Stacy M.; Manke, Ansley B.; Manzello, Derek; Mears, Patrick; Mickett, John; Monacci, Natalie; Morell, Julio M.; Musielewicz, Sylvia; Newberger, Timothy; Newton, Jan A.; Noakes, Scott; Noh, Jae-Hoon; Nojiri, Yukihiro; Ohman, Mark; \u00d3lafsd\u00f3ttir, S\u00f3lveig R\u00f3sa; Omar, Abdirahman M.; Ono, Tsuneo; Osborne, John; Plueddemann, Albert J.; Rehder, Gregor; Sabine, Christopher L.; Salisbury, Joe; Schlitzer, Reiner; Send, Uwe; Skjelvan, Ingunn; Sparnocchia, Stefania; Steinhoff, Tobias; Sullivan, Kevin; Sutherland, Stewart C.; Sweeney, Colm; Tadokoro, Kazuaki; Tanhua, Toste; Telszewski, Maciej; Tomlinson, Michael; Tribollet, Aline; Trull, Tom; Vandemark, Doug; Wada, Chisato; Wallace, Douglas W. R.; Weller, Robert A.; Woosley, Ryan J.Peter; Lebon, Geoff; Lef\u00e8vre, Nathalie; Lo Monaco, Claire; Luchetta, Anna; Maenner, Stacy M.; Manke, Ansley B.; Manzello, Derek; Mears, Patrick; Mickett, John; Monacci, Natalie; Morell, Julio M.; Musielewicz, Sylvia; Newberger, Timothy; Newton, Jan A.; Noakes, Scott; Noh, Jae-Hoon; Nojiri, Yukihiro; Ohman, Mark; \u00d3lafsd\u00f3ttir, S\u00f3lveig R\u00f3sa; \u00d3lafsson, Jon; Omar, Abdirahman M.; Ono, Tsuneo; Osborne, John; Plueddemann, Albert J.; Rehder, Gregor; Sabine, Christopher L.; Salisbury, Joe; Schlitzer, Reiner; Send, Uwe; Skjelvan, Ingunn; Sparnocchia, Stefania; Steinhoff, Tobias; Sullivan, Kevin; Sutherland, Stewart C.; Sweeney, Colm; Tadokoro, Kazuaki; Tanhua, Toste; Telszewski, Maciej; Tilbrook, Bronte; Tomlinson, Michael; Tribollet, Aline; Trull, Tom; Vandemark, Doug; Wada, Chisato; Wallace, Douglas W. R.; Weller, Robert A.; Woosley, Ryan J.<\/p>\n<h3>Groups<\/h3>\n<p>SOCAT quality control is carried out by regional working groups with a global group for coordination. The groups for SOCAT version 2020 can be found <a href=\"\/index.php\/groups-for-socat-version-2020\/\">here<\/a>.<\/p>\n","protected":false},"excerpt":{"rendered":"<p>Before using SOCAT data products, please read the Data Use Statement Data Access SOCAT version 2020 data products are available in a variety of formats. Please provide feedback about issues (data usage or updated data submissions of existing data) to submit@socat.info. Interactive viewers Use the Interactive Viewers from the Live Access Server to explore and &hellip; <a href=\"https:\/\/socat.info\/index.php\/version-2020\/\" class=\"more-link\">Continue reading<span class=\"screen-reader-text\"> &#8220;SOCAT version 2020&#8221;<\/span><\/a><\/p>\n","protected":false},"author":2,"featured_media":0,"parent":0,"menu_order":0,"comment_status":"closed","ping_status":"closed","template":"","meta":{"footnotes":""},"class_list":["post-2297","page","type-page","status-publish","hentry"],"_links":{"self":[{"href":"https:\/\/socat.info\/index.php\/wp-json\/wp\/v2\/pages\/2297","targetHints":{"allow":["GET"]}}],"collection":[{"href":"https:\/\/socat.info\/index.php\/wp-json\/wp\/v2\/pages"}],"about":[{"href":"https:\/\/socat.info\/index.php\/wp-json\/wp\/v2\/types\/page"}],"author":[{"embeddable":true,"href":"https:\/\/socat.info\/index.php\/wp-json\/wp\/v2\/users\/2"}],"replies":[{"embeddable":true,"href":"https:\/\/socat.info\/index.php\/wp-json\/wp\/v2\/comments?post=2297"}],"version-history":[{"count":69,"href":"https:\/\/socat.info\/index.php\/wp-json\/wp\/v2\/pages\/2297\/revisions"}],"predecessor-version":[{"id":3343,"href":"https:\/\/socat.info\/index.php\/wp-json\/wp\/v2\/pages\/2297\/revisions\/3343"}],"wp:attachment":[{"href":"https:\/\/socat.info\/index.php\/wp-json\/wp\/v2\/media?parent=2297"}],"curies":[{"name":"wp","href":"https:\/\/api.w.org\/{rel}","templated":true}]}}