{"id":2573,"date":"2021-05-26T09:51:09","date_gmt":"2021-05-26T07:51:09","guid":{"rendered":"https:\/\/www.socat.info\/?page_id=2573"},"modified":"2025-06-24T11:29:53","modified_gmt":"2025-06-24T09:29:53","slug":"version-2021","status":"publish","type":"page","link":"https:\/\/socat.info\/index.php\/version-2021\/","title":{"rendered":"SOCAT version 2021"},"content":{"rendered":"<h5 style=\"text-align: center; border: 2px solid #264f72; width: 90%; padding: 10px; background-color: #c8d4e0;\"><strong>Before using SOCAT data products, please read the <a style=\"color: #db6846;\" href=\"\/uploads\/2025\/05\/DataUseStatement_v2021.pdf\">Data Use Statement<\/a><\/strong><\/h5>\n<h3>Data Access<\/h3>\n<p>SOCAT version 2021 data products are available in a variety of formats. Please provide feedback about issues (data usage or updated data submissions of existing data) to <a href=\"mailto:submit@socat.info\">submit@socat.info<\/a>.<\/p>\n<table>\n<tbody>\n<tr>\n<td style=\"vertical-align: top;\" width=\"20%\"><a href=\"http:\/\/ferret.pmel.noaa.gov\/LAS\/\"><img loading=\"lazy\" decoding=\"async\" class=\"alignnone wp-image-720\" src=\"\/wp-content\/uploads\/2017\/07\/las.png\" alt=\"\" width=\"104\" height=\"64\" \/><\/a><\/td>\n<td>\n<h5><strong>Interactive viewers<br \/>\n<\/strong><\/h5>\n<p>Use the Interactive Viewers from the Live Access Server to explore and download gridded or non-gridded data following selected criteria (region, year, platform, etc.). Making maps and property plots is straight forward and a good way to to get a quick overview of the data collection.<\/p>\n<ul>\n<li><a href=\"https:\/\/data.pmel.noaa.gov\/socat\/las\/UI.vm#panelHeaderHidden=false;differences=false;autoContour=false;xCATID=SOCATv2021_ERDDAP;xDSID=socat_v2021_fulldata;varid=fCO2_recommended-socat_v2021_fulldata;imageSize=auto;over=xy;compute=None;constraintCount=2;constraint0=text_cr_none_cr_none_cr_WOCE_CO2_water_cr_2_cr_WOCE_CO2_water_cr_2_cr_eq_cr_;constraint1=variable_cr_socat_v2021_fulldata_cr_fCO2_recommended-socat_v2021_fulldata_cr_fCO2_recommended_cr_NaN_cr_fCO2_recommended_cr_NaN_cr_ne_cr_;constraintPanelIndex=0token;catid=SOCATv2021_ERDDAP;dsid=socat_v2021_fulldata;varid=fCO2_recommended-socat_v2021_fulldata;avarcount=0;xlo=-180;xhi=180;ylo=-80;yhi=90;tlo=01-Jan-1957%2000:00;thi=31-Dec-2020%2000:00;operation_id=Trajectory_interactive_plot;view=xyt\">Interactive Data Set Viewer<\/a><\/li>\n<li><a href=\"https:\/\/data.pmel.noaa.gov\/socat\/las\/UI.vm#panelHeaderHidden=false;differences=false;autoContour=false;xCATID=SOCATv2021_gridded_decadal;xDSID=socat_v2021_decadal;varid=fco2_ave_weighted_decade-socat_v2021_decadal;imageSize=auto;over=xy;compute=Nonetoken;tlo=1-JAN-1975;thi=1-JAN-1975;catid=SOCATv2021_gridded_decadal;dsid=socat_v2021_decadal;varid=fco2_ave_weighted_decade-socat_v2021_decadal;avarcount=0;xlo=-180;xhi=180;ylo=-90;yhi=90;operation_id=Plot_2D_XY_zoom;view=xy\">Interactive Gridded Data Viewer<\/a><\/li>\n<\/ul>\n<\/td>\n<\/tr>\n<tr>\n<td style=\"vertical-align: top;\" width=\"20%\"><!--<a href=\"http:\/\/ferret.pmel.noaa.gov\/LAS\/\"><img loading=\"lazy\" decoding=\"async\" class=\"alignnone wp-image-720\" src=\"\/wp-content\/uploads\/2017\/07\/las.png\" alt=\"\" width=\"104\" height=\"64\" \/><\/a>--><\/td>\n<td>\n<h5><strong>ERDDAP\u2122<\/strong><\/h5>\n<p>Complete and Decimated versions of SOCAT from Version 3 onwards are available via ERDDAP\u2122:<\/p>\n<ul>\n<li><a href=\"https:\/\/data.pmel.noaa.gov\/socat\/erddap\/info\/index.html\">SOCAT ERDDAP<\/a><\/li>\n<\/ul>\n<\/td>\n<\/tr>\n<tr>\n<td style=\"vertical-align: top; padding-top: 60px;\"><a href=\"https:\/\/www.ncei.noaa.gov\/\"><img loading=\"lazy\" decoding=\"async\" class=\"alignnone wp-image-261\" src=\"\/wp-content\/uploads\/2017\/06\/NCEI-logo-300x300.png\" alt=\"\" width=\"96\" height=\"96\" \/><\/a><\/td>\n<td style=\"padding-top: 60px;\">\n<h5><strong>Synthesis and gridded files<br \/>\n<\/strong><\/h5>\n<p>Global and regional synthesis files, as well as gridded files, are available as text files and netcdf, respectively, via the <a href=\"https:\/\/www.ncei.noaa.gov\/data\/oceans\/ncei\/ocads\/metadata\/0235360.html\" target=\"_blank\" rel=\"noopener noreferrer\">OCADS Metadata Page<\/a> at the National Centers for Environmental Information. Matlab code is available for reading these text files.<\/p>\n<table>\n<tbody>\n<tr>\n<td><span style=\"color: #000000;\"><strong>Synthesis files<\/strong><\/span><\/td>\n<td><span style=\"color: #000000;\"><strong>Main source (NCEI)<\/strong><\/span><\/td>\n<td><span style=\"color: #000000;\"><strong>GEOMAR Mirror (Zipped)<\/strong><\/span><\/td>\n<\/tr>\n<tr>\n<td>All<\/td>\n<td><a href=\"https:\/\/www.ncei.noaa.gov\/data\/oceans\/ncei\/ocads\/data\/0235360\/SOCATv2021.tsv\">5.7 Gb<\/a><\/td>\n<td><a href=\"\/socat_files\/v2021\/SOCATv2021.tsv.zip\">939 Mb<\/a><\/td>\n<\/tr>\n<tr>\n<td>Arctic<\/td>\n<td><a href=\"https:\/\/www.ncei.noaa.gov\/data\/oceans\/ncei\/ocads\/data\/0235360\/SOCATv2021_Arctic.tsv\">324 Mb<\/a><\/td>\n<td><a href=\"\/socat_files\/v2021\/SOCATv2021_Arctic.tsv.zip\">50 Mb<\/a><\/td>\n<\/tr>\n<tr>\n<td>Coastal<\/td>\n<td><a href=\"https:\/\/www.ncei.noaa.gov\/data\/oceans\/ncei\/ocads\/data\/0235360\/SOCATv2021_Coastal.tsv\">2.5 Gb<\/a><\/td>\n<td><a href=\"\/socat_files\/v2021\/SOCATv2021_Coastal.tsv.zip\">421 Mb<\/a><\/td>\n<\/tr>\n<tr>\n<td>Indian Ocean<\/td>\n<td><a href=\"https:\/\/www.ncei.noaa.gov\/data\/oceans\/ncei\/ocads\/data\/0235360\/SOCATv2021_Indian.tsv\">61 Mb<\/a><\/td>\n<td><a href=\"\/socat_files\/v2021\/SOCATv2021_Indian.tsv.zip\">7 Mb<\/a><\/td>\n<\/tr>\n<tr>\n<td>North Atlantic<\/td>\n<td><a href=\"https:\/\/www.ncei.noaa.gov\/data\/oceans\/ncei\/ocads\/data\/0235360\/SOCATv2021_NorthAtlantic.tsv\">458 Mb<\/a><\/td>\n<td><a href=\"\/socat_files\/v2021\/SOCATv2021_NorthAtlantic.tsv.zip\">79 Mb<\/a><\/td>\n<\/tr>\n<tr>\n<td>North Pacific<\/td>\n<td><a href=\"https:\/\/www.ncei.noaa.gov\/data\/oceans\/ncei\/ocads\/data\/0235360\/SOCATv2021_NorthPacific.tsv\">168 Mb<\/a><\/td>\n<td><a href=\"\/socat_files\/v2021\/SOCATv2021_NorthPacific.tsv.zip\">29 Mb<\/a><\/td>\n<\/tr>\n<tr>\n<td>Southern Oceans<\/td>\n<td><a href=\"https:\/\/www.ncei.noaa.gov\/data\/oceans\/ncei\/ocads\/data\/0235360\/SOCATv2021_SouthernOceans.tsv\">1.4 Gb<\/a><\/td>\n<td><a href=\"\/socat_files\/v2021\/SOCATv2021_SouthernOceans.tsv.zip\">229 Mb<\/a><\/td>\n<\/tr>\n<tr>\n<td>Tropical Atlantic<\/td>\n<td><a href=\"https:\/\/www.ncei.noaa.gov\/data\/oceans\/ncei\/ocads\/data\/0235360\/SOCATv2021_TropicalAtlantic.tsv\">251 Mb<\/a><\/td>\n<td><a href=\"\/socat_files\/v2021\/SOCATv2021_TropicalAtlantic.tsv.zip\">42 Mb<\/a><\/td>\n<\/tr>\n<tr>\n<td>Tropical Pacific<\/td>\n<td><a href=\"https:\/\/www.ncei.noaa.gov\/data\/oceans\/ncei\/ocads\/data\/0235360\/SOCATv2021_TropicalPacfic.tsv\">533 Mb<\/a><\/td>\n<td><a href=\"\/socat_files\/v2021\/SOCATv2021_TropicalPacific.tsv.zip\">210 Mb<\/a><\/td>\n<\/tr>\n<tr>\n<td>Flag E<\/td>\n<td><a href=\"https:\/\/www.ncei.noaa.gov\/data\/oceans\/ncei\/ocads\/data\/0235360\/SOCATv2021_FlagE.tsv\">364 Mb<\/a><\/td>\n<td><a href=\"\/socat_files\/v2021\/SOCATv2021_FlagE.tsv.zip\">52 Mb<\/a><\/td>\n<\/tr>\n<\/tbody>\n<\/table>\n<table>\n<tbody>\n<tr>\n<td><a href=\"\/wp-content\/uploads\/2021\/06\/Instructions-for-Read_SOCATv3_v2021.pdf\"><span style=\"font-size: small;\">Instructions for reading synthesis files<\/span><\/a><\/td>\n<td><span style=\"font-size: small;\">927 Kb<\/span><\/td>\n<\/tr>\n<tr>\n<td><a href=\"\/wp-content\/uploads\/2021\/06\/Read_SOCATv3_v2021.m\"><span style=\"font-size: small;\">Matlab code for reading synthesis files<\/span><\/a><\/td>\n<td><span style=\"font-size: small;\">19 Kb<\/span><\/td>\n<\/tr>\n<\/tbody>\n<\/table>\n<table>\n<tbody>\n<tr>\n<td><strong>Gridded files<\/strong><\/td>\n<td><strong>Main source (NCEI)<\/strong><\/td>\n<td><strong>GEOMAR Mirror (Zipped)<\/strong><\/td>\n<\/tr>\n<tr>\n<td>Monthly (nc)<\/td>\n<td><a href=\"https:\/\/www.ncei.noaa.gov\/data\/oceans\/ncei\/ocads\/data\/0235360\/SOCATv2021_Gridded_Dat\/SOCATv2021_tracks_gridded_monthly.nc\">3.5 Gb<\/a><\/td>\n<td><a href=\"\/socat_files\/v2021\/SOCATv2021_tracks_gridded_monthly.nc.zip\">35 Mb<\/a><\/td>\n<\/tr>\n<tr>\n<td>Monthly (csv)<\/td>\n<td><a href=\"https:\/\/www.ncei.noaa.gov\/data\/oceans\/ncei\/ocads\/data\/0235360\/SOCATv2021_Gridded_Dat\/SOCATv2021_tracks_gridded_monthly.csv\">40 Mb<\/a><\/td>\n<td><a href=\"\/socat_files\/v2021\/SOCATv2021_tracks_gridded_monthly.csv.zip\">13 Mb<\/a><\/td>\n<\/tr>\n<tr>\n<td>Yearly (nc)<\/td>\n<td><a href=\"https:\/\/www.ncei.noaa.gov\/data\/oceans\/ncei\/ocads\/data\/0235360\/SOCATv2021_Gridded_Dat\/SOCATv2021_tracks_gridded_yearly.nc\">206 Mb<\/a><\/td>\n<td><a href=\"\/socat_files\/v2021\/SOCATv2021_tracks_gridded_yearly.nc.zip\">10 Mb<\/a><\/td>\n<\/tr>\n<tr>\n<td>Yearly (csv)<\/td>\n<td><a href=\"https:\/\/www.ncei.noaa.gov\/data\/oceans\/ncei\/ocads\/data\/0235360\/SOCATv2021_Gridded_Dat\/SOCATv2021_tracks_gridded_yearly.csv\">22 Mb<\/a><\/td>\n<td><a href=\"\/socat_files\/v2021\/SOCATv2021_tracks_gridded_yearly.csv.zip\">6 Mb<\/a><\/td>\n<\/tr>\n<tr>\n<td>Decadal (nc)<\/td>\n<td><a href=\"https:\/\/www.ncei.noaa.gov\/data\/oceans\/ncei\/ocads\/data\/0235360\/SOCATv2021_Gridded_Dat\/SOCATv2021_tracks_gridded_decadal.nc\">20 Mb<\/a><\/td>\n<td><a href=\"\/socat_files\/v2021\/SOCATv2021_tracks_gridded_decadal.nc.zip\">3 Mb<\/a><\/td>\n<\/tr>\n<tr>\n<td>Decadal (csv)<\/td>\n<td><a href=\"https:\/\/www.ncei.noaa.gov\/data\/oceans\/ncei\/ocads\/data\/0235360\/SOCATv2021_Gridded_Dat\/SOCATv2021_tracks_gridded_decadal.csv\">8 Mb<\/a><\/td>\n<td><a href=\"\/socat_files\/v2021\/SOCATv2021_tracks_gridded_decadal.csv.zip\">2 Mb<\/a><\/td>\n<\/tr>\n<tr>\n<td>Quarter-degree monthly coastal (nc)<\/td>\n<td><a href=\"https:\/\/www.ncei.noaa.gov\/data\/oceans\/ncei\/ocads\/data\/0235360\/SOCATv2021_Gridded_Dat\/SOCATv2021_qrtrdeg_gridded_coast_monthly.nc\">372 Mb<\/a><\/td>\n<td><a href=\"\/socat_files\/v2021\/SOCATv2021_qrtrdeg_gridded_coast_monthly.nc.zip\">135 Mb<\/a><\/td>\n<\/tr>\n<tr>\n<td>Quarter-degree monthly coastal (csv)<\/td>\n<td><a href=\"https:\/\/www.ncei.noaa.gov\/data\/oceans\/ncei\/ocads\/data\/0235360\/SOCATv2021_Gridded_Dat\/SOCATv2021_qrtrdeg_gridded_coast_monthly.csv\">99 Mb<\/a><\/td>\n<td><a href=\"\/socat_files\/v2021\/SOCATv2021_qrtrdeg_gridded_coast_monthly.csv.zip\">32 Mb<\/a><\/td>\n<\/tr>\n<\/tbody>\n<\/table>\n<table>\n<tbody>\n<tr>\n<td><a href=\"\/wp-content\/uploads\/2021\/06\/Read_SOCATV3_v2021_gridded_files.m\"><span style=\"font-size: small;\">Matlab code for reading gridded files<\/span><\/a><\/td>\n<td><span style=\"font-size: small;\">7.5 Kb<\/span><\/td>\n<\/tr>\n<\/tbody>\n<\/table>\n<\/td>\n<\/tr>\n<\/tbody>\n<\/table>\n<h3>Description<\/h3>\n<p>More description on SOCAT version 2021 can be found in the <a href=\"\/wp-content\/uploads\/2021\/06\/2021_Poster_SOCATv2021_release.pdf\">version 2021 release poster<\/a>.<br \/>\nFor a detailed description of data products, file formats and tools, see:<\/p>\n<div style=\"margin-left: 34px; text-indent: -34px;\">Bakker et al. (2016) A multi-decade record of high quality fCO\u2082 data in version 3 of the Surface Ocean CO\u2082 Atlas (SOCAT). Earth System Science Data, 8: 383-413. <a href=\"http:\/\/www.earth-syst-sci-data.net\/8\/383\/2016\/essd-8-383-2016.html\">doi:10.5194\/essd-8-383-2016<\/a><\/div>\n<div style=\"margin-left: 34px; text-indent: -34px;\">Bakker et al. (2014) An update to the Surface Ocean CO\u2082 Atlas (SOCAT version 2). Earth System Science Data 6: 69-90. <a href=\"http:\/\/www.earth-syst-sci-data.net\/6\/69\/2014\/essd-6-69-2014.html\">doi:10.5194\/essd-6-69-2014<\/a><\/div>\n<div style=\"margin-left: 34px; text-indent: -34px;\">Pfeil et al. (2013) A uniform, quality controlled Surface Ocean CO\u2082 Atlas (SOCAT), Earth Syst. Sci. Data, 5, 125-143. <a href=\"http:\/\/www.earth-syst-sci-data.net\/5\/125\/2013\/\">doi:10.5194\/essd-5-125-2013<\/a><\/div>\n<div style=\"margin-left: 34px; text-indent: -34px;\">Sabine et al. (2013)<span class=\"c2\"> Surface Ocean CO2 Atlas (SOCAT) gridded data products. Earth System Science Data 5: 145-153. <\/span><span class=\"c5 c2\"><a class=\"c1\" href=\"http:\/\/www.earth-syst-sci-data.net\/5\/145\/2013\/\">doi:10.5194\/essd-5-145-2013<\/a><\/span><\/div>\n<h3>Recalculation <!-- <span style=\"color: #ff0000;\">(need changes?)<\/span> --><\/h3>\n<p>Recalculation in SOCAT version 2021 took place using Ferret scripts, based on Matlab codes by Are Olsen (University of Bergen\/Bjerknes Centre for Climate Research). The Matlab codes can be obtained <a href=\"\/wp-content\/uploads\/2017\/06\/SOCAT_matlab.zip\">here<\/a>.<br \/>\n<a name=\"credits\"><\/a><\/p>\n<h3>Credits<\/h3>\n<p>For SOCAT version 2021 we would like to thank all SOCAT data contributors, quality controllers, and members of the automation team:<\/p>\n<p>Bakker, Dorothee.C.E.; Alin Simone, R.; Casta\u00f1o-Primo, Rocio; Cronin, Margot; Gkritzalis, Thanos; Kozyr, Alex; Lauvset, Siv K.; Metzl, Nicolas; Munro, David R; Nakaoka, Shin-Ichiro; O&#8217;Brien, Kevin M.; Olsen, Are; Omar, Abdirahman M.; Pfeil, Benjamin; Pierrot, Denis; Rodriguez, Carmen; Steinhoff, Tobias; Sutton, Adrianne; Tilbrook, Bronte; Wanninkhof, Rik; Willstrand, Anne; Ahmed, Mohamed; Andersson, Andreas; Apelthun, Lise B.; Bates, Nicholas R.; Battisti, Roman; Beaumont, Laurence; Becker, Meike; Benoit-Cattin-Breton, Alice; Berghoff, C.; Boutin, Jacqueline; Burger, Eugene; Burgers, Tonya; Cantoni, Carolina; Cattrijsse, Andr\u00e9; Chierici, Melissa; Coppola, Laurent; Cosca, Cathy; Cross, Jessica; Currie, Kim; De Carlo, Eric; Else, Brent; Enright, Matt; Ericson, Y.; Evans, Wiley; Feely, Richard A.; Fiedler, Bj\u00f6rn; Fransson, Agneta; Garc\u00eda-Ib\u00e1\u00f1ez, Maribel; Gehrung, Martina; Glockzin, Michael; Gonz\u00e1lez-D\u00e1vila, Melchor; Gutekunst, S\u00f6ren; Hermes, R.; Humphreys, Matthew P.; Hunt, Christopher W.; Ibanhez, J. S. P; Jones, Stephen D.; Kitidis, Vassilis; Kosugi, Naohiro; K\u00f6rtzinger, Arne; Landa, Camilla S.; Landsch\u00fctzer, Peter; Lef\u00e8vre, Nathalie; Lo Monaco, Claire; Luchetta, Anna; Lutz, V.; Macovei, Vlad; Manke, Ansley B.; Merlivat, Liliane M.; Millero, Frank J.; Monacci, Natalie; Negri, R.; Newberger, Timothy; Newton, Jan A.; Nickford, S.; Nojiri, Yukihiro; Ohman, Mark; \u00d3lafsd\u00f3ttir, S\u00f3lveig R\u00f3sa; Ono, Tsuneo; Palter, J.; Papakyriakou, Tim; Petersen, W.; Plueddemann, Albert J.; Qi, Di; Rehder, Gregor; Ritschel, M.; Rutgersson, Anna; Sabine, Christopher L.; Salisbury, Joe; Santana Casiano, J. M Magdalena; Schlitzer, Reiner; Send, Uwe; Skjelvan, Ingunn; Smith, Karl; Sparnocchia, Stefania; Sullivan, Kevin; Sutherland, Stewart C.; Sweeney, Colm; Szuts, Z.; Tadokoro, Kazuaki; Tanhua, Toste; Telszewski, Maciej; Theetaert, Hannelore; Vandemark, Doug; Voynova, Yoana; Wada, Chisato; Weller, Robert A.; Woosley, Ryan J.<\/p>\n<h3>Groups<\/h3>\n<p>SOCAT quality control is carried out by regional working groups with a global group for coordination. The groups for SOCAT version 2021 can be found <a href=\"\/index.php\/groups-for-socat-version-2021\/\">here<\/a>.<\/p>\n","protected":false},"excerpt":{"rendered":"<p>Before using SOCAT data products, please read the Data Use Statement Data Access SOCAT version 2021 data products are available in a variety of formats. Please provide feedback about issues (data usage or updated data submissions of existing data) to submit@socat.info. Interactive viewers Use the Interactive Viewers from the Live Access Server to explore and &hellip; <a href=\"https:\/\/socat.info\/index.php\/version-2021\/\" class=\"more-link\">Continue reading<span class=\"screen-reader-text\"> &#8220;SOCAT version 2021&#8221;<\/span><\/a><\/p>\n","protected":false},"author":1,"featured_media":0,"parent":0,"menu_order":0,"comment_status":"closed","ping_status":"closed","template":"","meta":{"footnotes":""},"class_list":["post-2573","page","type-page","status-publish","hentry"],"_links":{"self":[{"href":"https:\/\/socat.info\/index.php\/wp-json\/wp\/v2\/pages\/2573","targetHints":{"allow":["GET"]}}],"collection":[{"href":"https:\/\/socat.info\/index.php\/wp-json\/wp\/v2\/pages"}],"about":[{"href":"https:\/\/socat.info\/index.php\/wp-json\/wp\/v2\/types\/page"}],"author":[{"embeddable":true,"href":"https:\/\/socat.info\/index.php\/wp-json\/wp\/v2\/users\/1"}],"replies":[{"embeddable":true,"href":"https:\/\/socat.info\/index.php\/wp-json\/wp\/v2\/comments?post=2573"}],"version-history":[{"count":31,"href":"https:\/\/socat.info\/index.php\/wp-json\/wp\/v2\/pages\/2573\/revisions"}],"predecessor-version":[{"id":3342,"href":"https:\/\/socat.info\/index.php\/wp-json\/wp\/v2\/pages\/2573\/revisions\/3342"}],"wp:attachment":[{"href":"https:\/\/socat.info\/index.php\/wp-json\/wp\/v2\/media?parent=2573"}],"curies":[{"name":"wp","href":"https:\/\/api.w.org\/{rel}","templated":true}]}}