{"id":2775,"date":"2022-06-10T13:40:01","date_gmt":"2022-06-10T11:40:01","guid":{"rendered":"https:\/\/beta.socat.info\/?page_id=2775"},"modified":"2025-06-24T11:29:37","modified_gmt":"2025-06-24T09:29:37","slug":"version-2022","status":"publish","type":"page","link":"https:\/\/socat.info\/index.php\/version-2022\/","title":{"rendered":"SOCAT Version 2022"},"content":{"rendered":"<h5 style=\"text-align: center; border: 2px solid #264f72; width: 90%; padding: 10px; background-color: #c8d4e0;\"><strong>Before using SOCAT data products, please read the <a style=\"color: #db6846;\" href=\"\/wp-content\/uploads\/2025\/05\/DataUseStatement_v2022.pdf\">Data Use Statement<\/a><\/strong><\/h5>\n<h3>Data Access<\/h3>\n<p>SOCAT version 2022 data products (<a href=\"https:\/\/doi.org\/10.25921\/1h9f-nb73\" target=\"_blank\" rel=\"noopener noreferrer\">DOI:10.25921\/1h9f-nb73<\/a>) are available in a variety of formats. Please provide feedback about issues (data usage or updated data submissions of existing data) to <a href=\"mailto:submit@socat.info\">submit@socat.info<\/a>.<\/p>\n<table>\n<tbody>\n<tr>\n<td style=\"vertical-align: top;\" width=\"20%\"><a href=\"http:\/\/ferret.pmel.noaa.gov\/LAS\/\"><img loading=\"lazy\" decoding=\"async\" class=\"alignnone wp-image-720\" src=\"\/wp-content\/uploads\/2017\/07\/las.png\" alt=\"\" width=\"104\" height=\"64\" \/><\/a><\/td>\n<td>\n<h5><strong>Interactive viewers<br \/>\n<\/strong><\/h5>\n<p>Use the Interactive Viewers from the Live Access Server to explore and download gridded or non-gridded data following selected criteria (region, year, platform, etc.). Making maps and property plots is straight forward and a good way to to get a quick overview of the data collection.<\/p>\n<ul>\n<li><a href=\"https:\/\/data.pmel.noaa.gov\/socat\/las\/UI.vm#panelHeaderHidden=false;differences=false;autoContour=false;globalMin=12.91201;globalMax=7748.566;xCATID=SOCATv2022_ERDDAP;xDSID=socat_v2022_fulldata;varid=fCO2_recommended-socat_v2022_fulldata;imageSize=auto;over=xy;compute=None;constraintCount=2;constraint0=text_cr_none_cr_none_cr_WOCE_CO2_water_cr_2_cr_WOCE_CO2_water_cr_2_cr_eq_cr_;constraint1=variable_cr_socat_v2022_fulldata_cr_fCO2_recommended-socat_v2022_fulldata_cr_fCO2_recommended_cr_NaN_cr_fCO2_recommended_cr_NaN_cr_ne_cr_;constraintPanelIndex=0token;catid=SOCATv2022_ERDDAP;dsid=socat_v2022_fulldata;varid=fCO2_recommended-socat_v2022_fulldata;avarcount=0;xlo=-180;xhi=180;ylo=-80;yhi=90;tlo=01-Jan-1957%2000:00;thi=31-Dec-2021%2000:00;operation_id=Trajectory_interactive_plot;view=xyt\">Interactive Data Set Viewer<\/a><\/li>\n<li><a href=\"https:\/\/data.pmel.noaa.gov\/socat\/las\/UI.vm#panelHeaderHidden=false;differences=false;autoContour=false;globalMin=141.0201;globalMax=421.6432;xCATID=SOCATv2022_gridded_decadal;xDSID=socat_v2022_decadal;varid=fco2_ave_weighted_decade-socat_v2022_decadal;imageSize=auto;over=xy;compute=Nonetoken;tlo=1-JAN-2015;thi=1-JAN-2015;catid=SOCATv2022_gridded_decadal;dsid=socat_v2022_decadal;varid=fco2_ave_weighted_decade-socat_v2022_decadal;avarcount=0;xlo=-180;xhi=180;ylo=-90;yhi=90;operation_id=Plot_2D_XY_zoom;view=xy\">Interactive Gridded Data Viewer<\/a><\/li>\n<\/ul>\n<\/td>\n<\/tr>\n<tr>\n<td style=\"vertical-align: top;\" width=\"20%\"><!--<a href=\"http:\/\/ferret.pmel.noaa.gov\/LAS\/\"><img loading=\"lazy\" decoding=\"async\" class=\"alignnone wp-image-720\" src=\"\/wp-content\/uploads\/2017\/07\/las.png\" alt=\"\" width=\"104\" height=\"64\" \/><\/a>--><\/td>\n<td>\n<h5><strong>ERDDAP\u2122<\/strong><\/h5>\n<p>Complete and Decimated versions of SOCAT from Version 3 onwards are available via ERDDAP\u2122:<\/p>\n<ul>\n<li><a href=\"https:\/\/data.pmel.noaa.gov\/socat\/erddap\/info\/index.html\">SOCAT ERDDAP<\/a><\/li>\n<\/ul>\n<\/td>\n<\/tr>\n<tr>\n<td style=\"vertical-align: top; padding-top: 60px;\"><a href=\"https:\/\/www.ncei.noaa.gov\/\"><img loading=\"lazy\" decoding=\"async\" class=\"alignnone wp-image-261\" src=\"\/wp-content\/uploads\/2017\/06\/NCEI-logo-300x300.png\" alt=\"\" width=\"96\" height=\"96\" \/><\/a><\/td>\n<td style=\"padding-top: 60px;\">\n<h5><strong>Synthesis and gridded files<br \/>\n<\/strong><\/h5>\n<p>Global and regional synthesis files, as well as gridded files, are available as text files and netcdf, respectively, via the <a href=\"https:\/\/www.ncei.noaa.gov\/data\/oceans\/ncei\/ocads\/metadata\/0253659.html\" target=\"_blank\" rel=\"noopener noreferrer\">OCADS Metadata Page<\/a> at the National Centers for Environmental Information. Matlab code is available for reading these text files.<\/p>\n<table>\n<tbody>\n<tr>\n<td><span style=\"color: #000000;\"><strong>Synthesis files<\/strong><\/span><\/td>\n<td><span style=\"color: #000000;\"><strong>Main source (NCEI)<\/strong><\/span><\/td>\n<td><span style=\"color: #000000;\"><strong>GEOMAR Mirror (Zipped)<\/strong><\/span><\/td>\n<\/tr>\n<tr>\n<td>All<\/td>\n<td><a href=\"https:\/\/www.ncei.noaa.gov\/data\/oceans\/ncei\/ocads\/data\/0253659\/SOCATv2022.tsv\">6.3 Gb<\/a><\/td>\n<td><a href=\"\/socat_files\/v2022\/SOCATv2022.tsv.zip\">1.1 Gb<\/a><\/td>\n<\/tr>\n<tr>\n<td>Arctic<\/td>\n<td><a href=\"https:\/\/www.ncei.noaa.gov\/data\/oceans\/ncei\/ocads\/data\/0253659\/SOCATv2022_Arctic.tsv\">382 Mb<\/a><\/td>\n<td><a href=\"\/socat_files\/v2022\/SOCATv2022_Arctic.tsv.zip\">56 Mb<\/a><\/td>\n<\/tr>\n<tr>\n<td>Coastal<\/td>\n<td><a href=\"https:\/\/www.ncei.noaa.gov\/data\/oceans\/ncei\/ocads\/data\/0253659\/SOCATv2022_Coastal.tsv\">2.9 Gb<\/a><\/td>\n<td><a href=\"\/socat_files\/v2022\/SOCATv2022_Coastal.tsv.zip\">474 Mb<\/a><\/td>\n<\/tr>\n<tr>\n<td>Indian Ocean<\/td>\n<td><a href=\"https:\/\/www.ncei.noaa.gov\/data\/oceans\/ncei\/ocads\/data\/0253659\/SOCATv2022_Indian.tsv\">64 Mb<\/a><\/td>\n<td><a href=\"\/socat_files\/v2022\/SOCATv2022_Indian.tsv.zip\">8 Mb<\/a><\/td>\n<\/tr>\n<tr>\n<td>North Atlantic<\/td>\n<td><a href=\"https:\/\/www.ncei.noaa.gov\/data\/oceans\/ncei\/ocads\/data\/0253659\/SOCATv2022_NorthAtlantic.tsv\">480 Mb<\/a><\/td>\n<td><a href=\"\/socat_files\/v2022\/SOCATv2022_NorthAtlantic.tsv.zip\">82 Mb<\/a><\/td>\n<\/tr>\n<tr>\n<td>North Pacific<\/td>\n<td><a href=\"https:\/\/www.ncei.noaa.gov\/data\/oceans\/ncei\/ocads\/data\/0253659\/SOCATv2022_NorthPacific.tsv\">206 Mb<\/a><\/td>\n<td><a href=\"\/socat_files\/v2022\/SOCATv2022_NorthPacific.tsv.zip\">35 Mb<\/a><\/td>\n<\/tr>\n<tr>\n<td>Southern Oceans<\/td>\n<td><a href=\"https:\/\/www.ncei.noaa.gov\/data\/oceans\/ncei\/ocads\/data\/0253659\/SOCATv2022_SouthernOceans.tsv\">1.5 Gb<\/a><\/td>\n<td><a href=\"\/socat_files\/v2022\/SOCATv2022_SouthernOceans.tsv.zip\">245 Mb<\/a><\/td>\n<\/tr>\n<tr>\n<td>Tropical Atlantic<\/td>\n<td><a href=\"https:\/\/www.ncei.noaa.gov\/data\/oceans\/ncei\/ocads\/data\/0253659\/SOCATv2022_TropicalAtlantic.tsv\">268 Mb<\/a><\/td>\n<td><a href=\"\/socat_files\/v2022\/SOCATv2022_TropicalAtlantic.tsv.zip\">45 Mb<\/a><\/td>\n<\/tr>\n<tr>\n<td>Tropical Pacific<\/td>\n<td><a href=\"https:\/\/www.ncei.noaa.gov\/data\/oceans\/ncei\/ocads\/data\/0253659\/SOCATv2022_TropicalPacific.tsv\">601 Mb<\/a><\/td>\n<td><a href=\"\/socat_files\/v2022\/SOCATv2022_TropicalPacific.tsv.zip\">97 Mb<\/a><\/td>\n<\/tr>\n<tr>\n<td>Flag E<\/td>\n<td><a href=\"https:\/\/www.ncei.noaa.gov\/data\/oceans\/ncei\/ocads\/data\/0253659\/SOCATv2022_FlagE.tsv\">1.1 Gb<\/a><\/td>\n<td><a href=\"\/socat_files\/v2022\/SOCATv2022_FlagE.tsv.zip\">183 Mb<\/a><\/td>\n<\/tr>\n<\/tbody>\n<\/table>\n<table>\n<tbody>\n<tr>\n<td><a href=\"\/wp-content\/uploads\/2022\/06\/Instructions_for_Read_SOCATv3_v2022.pdf\"><span style=\"font-size: small;\">Instructions for reading synthesis files<\/span><\/a><\/td>\n<td><span style=\"font-size: small;\">927 Kb<\/span><\/td>\n<\/tr>\n<tr>\n<td><a href=\"\/wp-content\/uploads\/2022\/06\/Read_SOCATv3_v2022.m\"><span style=\"font-size: small;\">Matlab code for reading synthesis files<\/span><\/a><\/td>\n<td><span style=\"font-size: small;\">19 Kb<\/span><\/td>\n<\/tr>\n<\/tbody>\n<\/table>\n<table>\n<tbody>\n<tr>\n<td><strong>Gridded files<\/strong><\/td>\n<td><strong>Main source (NCEI)<\/strong><\/td>\n<td><strong>GEOMAR Mirror (Zipped)<\/strong><\/td>\n<\/tr>\n<tr>\n<td>Monthly (nc)<\/td>\n<td><a href=\"https:\/\/www.ncei.noaa.gov\/data\/oceans\/ncei\/ocads\/data\/0253659\/SOCATv2022_Gridded_Dat\/SOCATv2022_tracks_gridded_monthly.nc\">3.6 Gb<\/a><\/td>\n<td><a href=\"\/socat_files\/v2022\/SOCATv2022_tracks_gridded_monthly.nc.zip\">36 Mb<\/a><\/td>\n<\/tr>\n<tr>\n<td>Monthly (csv)<\/td>\n<td><a href=\"https:\/\/www.ncei.noaa.gov\/data\/oceans\/ncei\/ocads\/data\/0253659\/SOCATv2022_Gridded_Dat\/SOCATv2022_tracks_gridded_monthly.csv\">41 Mb<\/a><\/td>\n<td><a href=\"\/socat_files\/v2022\/SOCATv2022_tracks_gridded_monthly.csv.zip\">13 Mb<\/a><\/td>\n<\/tr>\n<tr>\n<td>Yearly (nc)<\/td>\n<td><a href=\"https:\/\/www.ncei.noaa.gov\/data\/oceans\/ncei\/ocads\/data\/0253659\/SOCATv2022_Gridded_Dat\/SOCATv2022_tracks_gridded_yearly.nc\">210 Mb<\/a><\/td>\n<td><a href=\"\/socat_files\/v2022\/SOCATv2022_tracks_gridded_yearly.nc.zip\">10 Mb<\/a><\/td>\n<\/tr>\n<tr>\n<td>Yearly (csv)<\/td>\n<td><a href=\"https:\/\/www.ncei.noaa.gov\/data\/oceans\/ncei\/ocads\/data\/0253659\/SOCATv2022_Gridded_Dat\/SOCATv2022_tracks_gridded_yearly.csv\">22 Mb<\/a><\/td>\n<td><a href=\"\/socat_files\/v2022\/SOCATv2022_tracks_gridded_yearly.csv.zip\">7 Mb<\/a><\/td>\n<\/tr>\n<tr>\n<td>Decadal (nc)<\/td>\n<td><a href=\"https:\/\/www.ncei.noaa.gov\/data\/oceans\/ncei\/ocads\/data\/0253659\/SOCATv2022_Gridded_Dat\/SOCATv2022_tracks_gridded_decadal.nc\">20 Mb<\/a><\/td>\n<td><a href=\"\/socat_files\/v2022\/SOCATv2022_tracks_gridded_decadal.nc.zip\">3 Mb<\/a><\/td>\n<\/tr>\n<tr>\n<td>Decadal (csv)<\/td>\n<td><a href=\"https:\/\/www.ncei.noaa.gov\/data\/oceans\/ncei\/ocads\/data\/0253659\/SOCATv2022_Gridded_Dat\/SOCATv2022_tracks_gridded_decadal.csv\">8 Mb<\/a><\/td>\n<td><a href=\"\/socat_files\/v2022\/SOCATv2022_tracks_gridded_decadal.csv.zip\">2 Mb<\/a><\/td>\n<\/tr>\n<tr>\n<td>Quarter-degree monthly coastal (nc)<\/td>\n<td><a href=\"https:\/\/www.ncei.noaa.gov\/data\/oceans\/ncei\/ocads\/data\/0253659\/SOCATv2022_Gridded_Dat\/SOCATv2022_qrtrdeg_gridded_coast_monthly.nc\">380 Mb<\/a><\/td>\n<td><a href=\"\/socat_files\/v2022\/SOCATv2022_qrtrdeg_gridded_coast_monthly.nc.zip\">135 Mb<\/a><\/td>\n<\/tr>\n<tr>\n<td>Quarter-degree monthly coastal (csv)<\/td>\n<td><a href=\"https:\/\/www.ncei.noaa.gov\/data\/oceans\/ncei\/ocads\/data\/0253659\/SOCATv2022_Gridded_Dat\/SOCATv2022_qtrdeg_gridded_coast_monthly.csv\">102 Mb<\/a><\/td>\n<td><a href=\"\/socat_files\/v2022\/SOCATv2022_qtrdeg_gridded_coast_monthly.csv.zip\">33 Mb<\/a><\/td>\n<\/tr>\n<\/tbody>\n<\/table>\n<table>\n<tbody>\n<tr>\n<td><a href=\"\/wp-content\/uploads\/2022\/06\/Read_SOCATV3_v2022_gridded_files.m\"><span style=\"font-size: small;\">Matlab code for reading gridded files<\/span><\/a><\/td>\n<td><span style=\"font-size: small;\">7.5 Kb<\/span><\/td>\n<\/tr>\n<\/tbody>\n<\/table>\n<\/td>\n<\/tr>\n<tr>\n<td style=\"vertical-align: top; padding-top: 60px;\"><a href=\"https:\/\/odv.awi.de\/\"><img loading=\"lazy\" decoding=\"async\" class=\"alignnone wp-image-262\" src=\"\/wp-content\/uploads\/2017\/06\/ODV-logo-e1497953301883.jpg\" alt=\"\" width=\"89\" height=\"78\" \/><\/a><\/td>\n<td>\n<h5><strong>Ocean Data View format<br \/>\n<\/strong><\/h5>\n<p>The synthesis and gridded files are available in Ocean Data View (ODV) format from the ODV website. Users can also explore the data online at <a href=\"https:\/\/explore.webodv.awi.de\/ocean\/carbon\/socat\/\" target=\"_blank\" rel=\"noopener noreferrer\">webODV<\/a>.<\/p>\n<ul>\n<li style=\"list-style-type: none;\">\n<ul><a href=\"https:\/\/odv.awi.de\/data\/ocean\/socat-fco2-data\/\" target=\"_blank\" rel=\"noopener noreferrer\">ODV SOCAT Collection<\/a><\/li>\n<\/ul>\n<\/li>\n<\/ul>\n<\/tr>\n<\/tbody>\n<\/table>\n<h3>Description<\/h3>\n<p>More description on SOCAT version 2022 can be found in the <a href=\"\/wp-content\/uploads\/2022\/06\/2022_Poster_SOCATv2022_release.pdf\">version 2022 release poster<\/a>.<br \/>\nFor a detailed description of data products, file formats and tools, see:<\/p>\n<div style=\"margin-left: 34px; text-indent: -34px;\">Bakker et al. (2016) A multi-decade record of high quality fCO\u2082 data in version 3 of the Surface Ocean CO\u2082 Atlas (SOCAT). Earth System Science Data, 8: 383-413. <a href=\"http:\/\/www.earth-syst-sci-data.net\/8\/383\/2016\/essd-8-383-2016.html\">doi:10.5194\/essd-8-383-2016<\/a><\/div>\n<div style=\"margin-left: 34px; text-indent: -34px;\">Bakker et al. (2014) An update to the Surface Ocean CO\u2082 Atlas (SOCAT version 2). Earth System Science Data 6: 69-90. <a href=\"http:\/\/www.earth-syst-sci-data.net\/6\/69\/2014\/essd-6-69-2014.html\">doi:10.5194\/essd-6-69-2014<\/a><\/div>\n<div style=\"margin-left: 34px; text-indent: -34px;\">Pfeil et al. (2013) A uniform, quality controlled Surface Ocean CO\u2082 Atlas (SOCAT), Earth Syst. Sci. Data, 5, 125-143. <a href=\"http:\/\/www.earth-syst-sci-data.net\/5\/125\/2013\/\">doi:10.5194\/essd-5-125-2013<\/a><\/div>\n<div style=\"margin-left: 34px; text-indent: -34px;\">Sabine et al. (2013)<span class=\"c2\"> Surface Ocean CO2 Atlas (SOCAT) gridded data products. Earth System Science Data 5: 145-153. <\/span><span class=\"c5 c2\"><a class=\"c1\" href=\"http:\/\/www.earth-syst-sci-data.net\/5\/145\/2013\/\">doi:10.5194\/essd-5-145-2013<\/a><\/span><\/div>\n<h3>Recalculation <!-- <span style=\"color: #ff0000;\">(need changes?)<\/span> --><\/h3>\n<p>Recalculation in SOCAT version 2022 took place using Ferret scripts, based on Matlab codes by Are Olsen (University of Bergen\/Bjerknes Centre for Climate Research). The Matlab codes can be obtained <a href=\"\/wp-content\/uploads\/2017\/06\/SOCAT_matlab.zip\">here<\/a>.<br \/>\n<a name=\"credits\"><\/a><\/p>\n<h3>Credits<\/h3>\n<p>For SOCAT version 2022 we would like to thank all SOCAT data contributors, quality controllers, and members of the automation team:<\/p>\n<p>Bakker, Dorothee.C.E.; Alin, Simone R.; Becker, Meike; Bittig, Henry; Casta\u00f1o-Primo, Roc\u00edo; Gkritzalis, Thanos; Kadono, Koji; Kozyr, Alex; Lauvset, Siv K.; Metzl, Nicolas; Munro, David R; Nakaoka, Shin-Ichiro; Nojiri, Yukihiro; O&#8217;Brien, Kevin M.; Olsen, Are; Pfeil, Benjamin; Pierrot, Denis; Steinhoff, Tobias; Sullivan, Kevin; Sutton, Adrienne; Tilbrook, Bronte; Wada, Chisato; Wanninkhof, Rik; Willstrand Wranne, Anna; Akl, John; Apelthun, Lise B.; Bates, Nicholas R.; Beatty, Cory; Burger, Eugene; Cai, Wei-Jun; Cosca, Cathy; Corredor, Jorge; Cronin, Margot; Cross, Jessica; De Carlo, Eric; DeGrandpre, Michael D.; Emerson, Steven; Enright, Matt; Enyo, Kazutaka; Evans, Wiley; Feely, Richard A.; Frangoulis, C.; Fransson, Agneta; Garcia-Ib\u00e1\u00f1ez, Maribel; Gehrung, Martina; Giannoudi, L.; Glockzin, Michael; Hales, Burke; Howden, Stephan; Hunt, Christopher W.; Ib\u00e1nhez, J. Severino P.; Jones, Stephen D.; Kamb, Linus; K\u00f6rtzinger, Arne; Landa, Camilla S.; Landsch\u00fctzer, Peter; Lef\u00e8vre, Nathalie; Lo Monaco, Claire; Macovei, Vlad; Maenner, Stacy M.; Meinig, C.; Millero, Frank J.; Monacci, Natalie; Mordy, C.; Morell, Julio M.; Murata, Akihiko; Musielewicz, Sylvia; Neill, Craig; Newberger, Timothy; Nomura, Daiki; Ohman, Mark; Ono, Tsuneo; Passmore, A.; Petersen, Wilhelm; Petihakis, G.; Perivoliotis, L.; Plueddemann, Albert J.; Rehder, Gregor; Reynaud, Thierry; Rodriguez, Carmen; Ross, Andrew; Rutgersson, Anna; Sabine, Christopher L.; Salisbury, J.; Schlitzer, Reiner; Send, Uwe; Skjelvan, Ingunn; Stamataki, N.; Sutherland, Stewart C.; Sweeney, Colm; Tadokoro, Kazuaki; Tanhua, Toste; Telszewski, Maciej; Trull, Tom; Vandemark, Doug; van Ooijen, Erik; Voynova, Yoana; Wang, H.; Weller, Robert A.; Whitehead, C.; Wilson, D.<\/p>\n<h3>Groups<\/h3>\n<p>SOCAT quality control is carried out by regional working groups with a global group for coordination. The groups for SOCAT version 2022 can be found <a href=\"\/index.php\/groups-for-socat-version-2022\/\">here<\/a>.<\/p>\n","protected":false},"excerpt":{"rendered":"<p>Before using SOCAT data products, please read the Data Use Statement Data Access SOCAT version 2022 data products (DOI:10.25921\/1h9f-nb73) are available in a variety of formats. Please provide feedback about issues (data usage or updated data submissions of existing data) to submit@socat.info. Interactive viewers Use the Interactive Viewers from the Live Access Server to explore &hellip; <a href=\"https:\/\/socat.info\/index.php\/version-2022\/\" class=\"more-link\">Continue reading<span class=\"screen-reader-text\"> &#8220;SOCAT Version 2022&#8221;<\/span><\/a><\/p>\n","protected":false},"author":1,"featured_media":0,"parent":0,"menu_order":0,"comment_status":"closed","ping_status":"closed","template":"","meta":{"footnotes":""},"class_list":["post-2775","page","type-page","status-publish","hentry"],"_links":{"self":[{"href":"https:\/\/socat.info\/index.php\/wp-json\/wp\/v2\/pages\/2775","targetHints":{"allow":["GET"]}}],"collection":[{"href":"https:\/\/socat.info\/index.php\/wp-json\/wp\/v2\/pages"}],"about":[{"href":"https:\/\/socat.info\/index.php\/wp-json\/wp\/v2\/types\/page"}],"author":[{"embeddable":true,"href":"https:\/\/socat.info\/index.php\/wp-json\/wp\/v2\/users\/1"}],"replies":[{"embeddable":true,"href":"https:\/\/socat.info\/index.php\/wp-json\/wp\/v2\/comments?post=2775"}],"version-history":[{"count":18,"href":"https:\/\/socat.info\/index.php\/wp-json\/wp\/v2\/pages\/2775\/revisions"}],"predecessor-version":[{"id":3341,"href":"https:\/\/socat.info\/index.php\/wp-json\/wp\/v2\/pages\/2775\/revisions\/3341"}],"wp:attachment":[{"href":"https:\/\/socat.info\/index.php\/wp-json\/wp\/v2\/media?parent=2775"}],"curies":[{"name":"wp","href":"https:\/\/api.w.org\/{rel}","templated":true}]}}