{"id":32,"date":"2017-04-05T15:44:43","date_gmt":"2017-04-05T13:44:43","guid":{"rendered":"http:\/\/beta.socat.info\/?page_id=32"},"modified":"2025-06-24T11:32:13","modified_gmt":"2025-06-24T09:32:13","slug":"version-5","status":"publish","type":"page","link":"https:\/\/socat.info\/index.php\/version-5\/","title":{"rendered":"SOCAT Version 5"},"content":{"rendered":"<h5 style=\"text-align: center; border: 2px solid #264f72; width: 90%; padding: 10px; background-color: #c8d4e0;\"><strong>Before using SOCAT data products, please read the <a style=\"color: #db6846;\" href=\"\/wp-content\/uploads\/2025\/05\/DataUseStatement_v5.pdf\">Data Use Statement<\/a><\/strong><\/h5>\n<h3>Data Access<\/h3>\n<p>SOCAT version 5 data products are available in a variety of formats:<\/p>\n<table style=\"height: 1595px;\" width=\"875\">\n<tbody>\n<tr>\n<td style=\"vertical-align: top;\" rowspan=\"3\" width=\"20%\"><a href=\"http:\/\/ferret.pmel.noaa.gov\/LAS\/\"><img loading=\"lazy\" decoding=\"async\" class=\"alignnone wp-image-720\" src=\"\/wp-content\/uploads\/2017\/07\/las.png\" alt=\"\" width=\"104\" height=\"64\" \/><\/a><\/td>\n<td>\n<h5><strong>Interactive viewers<br \/>\n<\/strong><\/h5>\n<p style=\"margin-bottom: 0px;\">Use the Interactive Viewers from the Live Access Server to explore and download gridded or non-gridded data following selected criteria (region, year, platform, etc.). Making maps and property plots is straight forward and a good way to to get a quick overview of the data collection.<\/p>\n<\/td>\n<td width=\"20%\"><\/td>\n<\/tr>\n<tr>\n<td style=\"padding-left: 30px;\"><a href=\"https:\/\/ferret.pmel.noaa.gov\/socat\/las\/UI.vm#panelHeaderHidden=false;differences=false;autoContour=false;xCATID=SOCATv5_ERDDAP;xDSID=socat_v5_fulldata;varid=fCO2_recommended-socat_v5_fulldata;imageSize=auto;over=xy;compute=None;constraintCount=2;constraint0=text_cr_none_cr_none_cr_WOCE_CO2_water_cr_2_cr_WOCE_CO2_water_cr_2_cr_eq_cr_;constraint1=variable_cr_socat_v5_fulldata_cr_fCO2_recommended-socat_v5_fulldata_cr_fCO2_recommended_cr_NaN_cr_fCO2_recommended_cr_NaN_cr_ne_cr_;constraintPanelIndex=0token;catid=SOCATv5_ERDDAP;dsid=socat_v5_fulldata;varid=fCO2_recommended-socat_v5_fulldata;avarcount=0;xlo=-180;xhi=180;ylo=-90;yhi=90;tlo=01-Jan-1957%2000:00;thi=31-Dec-2017%2000:00;operation_id=Trajectory_interactive_plot;view=xyt\" rel=\"noopener\">Interactive Data Set Viewer<\/a><\/td>\n<td><\/td>\n<\/tr>\n<tr>\n<td style=\"padding-left: 30px;\"><a href=\"https:\/\/ferret.pmel.noaa.gov\/socat\/las\/UI.vm#panelHeaderHidden=false;differences=false;autoContour=false;globalMin=141.0201;globalMax=421.6432;xCATID=SOCATv5_gridded_decadal;xDSID=socat_v5_decadal;varid=fco2_ave_weighted_decade-socat_v5_decadal;imageSize=auto;over=xy;compute=Nonetoken;tlo=1-JAN-2015;thi=1-JAN-2015;catid=SOCATv5_gridded_decadal;dsid=socat_v5_decadal;varid=fco2_ave_weighted_decade-socat_v5_decadal;avarcount=0;xlo=-180;xhi=180;ylo=-90;yhi=90;operation_id=Plot_2D_XY_zoom;view=xy\" target=\"_blank\" rel=\"noopener noreferrer\">Interactive Gridded Data Viewer<\/a><\/td>\n<td><\/td>\n<\/tr>\n<tr>\n<td style=\"vertical-align: top;\" width=\"20%\"><!--<a href=\"http:\/\/ferret.pmel.noaa.gov\/LAS\/\"><img loading=\"lazy\" decoding=\"async\" class=\"alignnone wp-image-720\" src=\"\/wp-content\/uploads\/2017\/07\/las.png\" alt=\"\" width=\"104\" height=\"64\" \/><\/a>--><\/td>\n<td>\n<h5><strong>ERDDAP\u2122<\/strong><\/h5>\n<p>Complete and Decimated versions of SOCAT from Version 3 onwards are available via ERDDAP\u2122:<\/p>\n<ul>\n<li><a href=\"https:\/\/data.pmel.noaa.gov\/socat\/erddap\/info\/index.html\">SOCAT ERDDAP<\/a><\/li>\n<\/ul>\n<\/td>\n<\/tr>\n<tr>\n<td style=\"vertical-align: top; padding-top: 60px;\"><a href=\"https:\/\/www.ncei.noaa.gov\/\"><img loading=\"lazy\" decoding=\"async\" class=\"alignnone wp-image-261\" src=\"\/wp-content\/uploads\/2017\/06\/NCEI-logo-300x300.png\" alt=\"\" width=\"96\" height=\"96\" \/><\/a><\/td>\n<td style=\"padding-top: 60px;\">\n<h5><strong>Synthesis and gridded files<br \/>\n<\/strong><\/h5>\n<p style=\"margin-bottom: 0px;\">Global and regional synthesis files, as well as gridded files, are available as text files and netcdf, respectively, via the NOAA National Centers for Environmental Information. Matlab code is available for reading these text files.<\/p>\n<table>\n<tbody>\n<tr>\n<td><strong>Synthesis files<\/strong><\/td>\n<td><strong>Main source (NCEI)<\/strong><\/td>\n<td><strong>GEOMAR Mirror (Zipped)<\/strong><\/td>\n<\/tr>\n<tr>\n<td>All data<\/td>\n<td><a href=\"https:\/\/www.nodc.noaa.gov\/archive\/arc0108\/0163180\/2.2\/data\/0-data\/SOCATv5.tsv\">3.5 Gb<\/a><\/td>\n<td><a href=\"\/socat_files\/v5\/SOCATv5.tsv.zip\">512 Mb<\/a><\/td>\n<\/tr>\n<tr>\n<td>Arctic data<\/td>\n<td><a href=\"https:\/\/www.nodc.noaa.gov\/archive\/arc0108\/0163180\/2.2\/data\/0-data\/SOCATv5_Arctic.tsv\">172 Mb<\/a><\/td>\n<td><a href=\"\/socat_files\/v5\/SOCATv5_Arctic.tsv.zip\">25 Mb<\/a><\/td>\n<\/tr>\n<tr>\n<td>Coastal data<\/td>\n<td><a href=\"https:\/\/www.nodc.noaa.gov\/archive\/arc0108\/0163180\/2.2\/data\/0-data\/SOCATv5_Coastal.tsv\">1.5 Gb<\/a><\/td>\n<td><a href=\"\/socat_files\/v5\/SOCATv5_Coastal.tsv.zip\">210 Mb<\/a><\/td>\n<\/tr>\n<tr>\n<td>Indian Ocean data<\/td>\n<td><a href=\"https:\/\/www.nodc.noaa.gov\/archive\/arc0108\/0163180\/2.2\/data\/0-data\/SOCATv5_Indian.tsv\">47 Mb<\/a><\/td>\n<td><a href=\"\/socat_files\/v5\/SOCATv5_Indian.tsv.zip\">5 Mb<\/a><\/td>\n<\/tr>\n<tr>\n<td>North Atlantic data<\/td>\n<td><a href=\"https:\/\/www.nodc.noaa.gov\/archive\/arc0108\/0163180\/2.2\/data\/0-data\/SOCATv5_NorthAtlantic.tsv\">315 Mb<\/a><\/td>\n<td><a href=\"\/socat_files\/v5\/SOCATv5_NorthAtlantic.tsv.zip\">50 Mb<\/a><\/td>\n<\/tr>\n<tr>\n<td>North Pacific data<\/td>\n<td><a href=\"https:\/\/www.nodc.noaa.gov\/archive\/arc0108\/0163180\/2.2\/data\/0-data\/SOCATv5_NorthPacific.tsv\">99 Mb<\/a><\/td>\n<td><a href=\"\/socat_files\/v5\/SOCATv5_NorthPacific.tsv.zip\">16 Mb<\/a><\/td>\n<\/tr>\n<tr>\n<td>Southern Ocean data<\/td>\n<td><a href=\"https:\/\/www.nodc.noaa.gov\/archive\/arc0108\/0163180\/2.2\/data\/0-data\/SOCATv5_SouthernOceans.tsv\">900 Mb<\/a><\/td>\n<td><a href=\"\/socat_files\/v5\/SOCATv5_SouthernOceans.tsv.zip\">132 Mb<\/a><\/td>\n<\/tr>\n<tr>\n<td>Tropical Atlantic data<\/td>\n<td><a href=\"https:\/\/www.nodc.noaa.gov\/archive\/arc0108\/0163180\/2.2\/data\/0-data\/SOCATv5_TropicalAtlantic.tsv\">157 Mb<\/a><\/td>\n<td><a href=\"\/socat_files\/v5\/SOCATv5_TropicalAtlantic.tsv.zip\">25 Mb<\/a><\/td>\n<\/tr>\n<tr>\n<td>Tropical Pacific data<\/td>\n<td><a href=\"https:\/\/www.nodc.noaa.gov\/archive\/arc0108\/0163180\/2.2\/data\/0-data\/SOCATv5_TropicalPacific.tsv\">355 Mb<\/a><\/td>\n<td><a href=\"\/socat_files\/v5\/SOCATv5_TropicalPacific.tsv.zip\">53 Mb<\/a><\/td>\n<\/tr>\n<tr>\n<td>Flag E data<\/td>\n<td><a href=\"https:\/\/www.nodc.noaa.gov\/archive\/arc0108\/0163180\/2.2\/data\/0-data\/SOCATv5_FlagE.tsv\">169 Mb<\/a><\/td>\n<td><a href=\"\/socat_files\/v5\/SOCATv5_FlagE.tsv.zip\">25 Mb<\/a><\/td>\n<\/tr>\n<\/tbody>\n<\/table>\n<table>\n<tbody>\n<tr>\n<td><span style=\"font-size: small;\"><a href=\"\/wp-content\/uploads\/2018\/06\/Instructions-for-Read_SOCATv3-v6.pdf\">Instructions for reading synthesis files<\/a><\/span>\n<\/td>\n<td><span style=\"font-size: small;\">259 Kb<\/span><\/td>\n<\/tr>\n<tr>\n<td>\n<span style=\"font-size: small;\"><a href=\"\/wp-content\/uploads\/2018\/06\/Read_SOCATv3_v6.m\">Matlab code for reading synthesis files<\/a><\/span>\n<\/td>\n<td><span style=\"font-size: small;\">19 Kb<\/span><\/td>\n<\/tr>\n<\/tbody>\n<\/table>\n<table>\n<tbody>\n<tr>\n<td><strong>Gridded files<\/strong><\/td>\n<td><strong>Main source (NCEI)<\/strong><\/td>\n<td><strong>BCDC Mirror (Zipped)<\/strong><\/td>\n<\/tr>\n<tr>\n<td>Monthly Gridded<\/td>\n<td><a href=\"https:\/\/www.nodc.noaa.gov\/archive\/arc0108\/0163180\/2.2\/data\/0-data\/SOCATv5_Gridded_Dat\/SOCATv5_tracks_gridded_monthly.nc\">1.4 Gb<\/a><\/td>\n<td><a href=\"\/socat_files\/v5\/SOCATv5_tracks_gridded_monthly.nc.zip\">13 Mb<\/a><\/td>\n<\/tr>\n<tr>\n<td>Yearly Gridded<\/td>\n<td><a href=\"https:\/\/www.nodc.noaa.gov\/archive\/arc0108\/0163180\/2.2\/data\/0-data\/SOCATv5_Gridded_Dat\/SOCATv5_tracks_gridded_yearly.nc\">140 Mb<\/a><\/td>\n<td><a href=\"\/socat_files\/v5\/SOCATv5_tracks_gridded_yearly.nc.zip\">4 Mb<\/a><\/td>\n<\/tr>\n<tr>\n<td>Decadal Gridded<\/td>\n<td><a href=\"https:\/\/www.nodc.noaa.gov\/archive\/arc0108\/0163180\/2.2\/data\/0-data\/SOCATv5_Gridded_Dat\/SOCATv5_tracks_gridded_decades.nc\">15 Mb<\/a><\/td>\n<td><a href=\"\/socat_files\/v5\/SOCATv5_tracks_gridded_decades.nc.zip\">2 Mb<\/a><\/td>\n<\/tr>\n<tr>\n<td>Quarter-degree gridded monthly coastal<\/td>\n<td><a href=\"https:\/\/www.nodc.noaa.gov\/archive\/arc0108\/0163180\/2.2\/data\/0-data\/SOCATv5_Gridded_Dat\/SOCATv5_qrtrdeg_gridded_coast_monthly.nc\">171 Mb<\/a><\/td>\n<td><a href=\"\/socat_files\/v5\/SOCATv5_qrtrdeg_gridded_coast_monthly.nc.zip\">83 Mb<\/a><\/td>\n<\/tr>\n<\/tbody>\n<\/table>\n<\/td>\n<\/tr>\n<tr>\n<td style=\"vertical-align: top; padding-top: 60px;\"><a href=\"https:\/\/pangaea.de\/\"><img loading=\"lazy\" decoding=\"async\" class=\"alignnone size-full wp-image-263\" src=\"\/wp-content\/uploads\/2017\/06\/pangaea_logo-e1497953285537.png\" alt=\"\" width=\"100\" height=\"70\" \/><\/a><\/td>\n<td style=\"padding-top: 60px;\">\n<h5><strong>Individual data sets in text format<br \/>\n<\/strong><\/h5>\n<p style=\"margin-bottom: 0px;\">Individual data set files are archived in Pangaea and can be downloaded in text format.<\/p>\n<table>\n<tbody>\n<tr>\n<td><strong>Text files<\/strong><\/td>\n<td><strong>Main source (Pangaea)<\/strong><\/td>\n<td><strong>GEOMAR Mirror<\/strong><\/td>\n<\/tr>\n<tr>\n<td>All data sets<\/td>\n<td><a href=\"http:\/\/store.pangaea.de\/Publications\/SOCATv5\/SOCATv5_all.zip\">628 Mb<\/a><\/td>\n<td><a href=\"\/socat_files\/v5\/SOCAT_v5_all.zip\">628 Mb<\/a><\/td>\n<\/tr>\n<\/tbody>\n<\/table>\n<p><span style=\"font-size: small;\"><a href=\"https:\/\/doi.pangaea.de\/10.1594\/PANGAEA.866876\" target=\"_blank\" rel=\"noopener noreferrer\">Metadata overview<\/a><\/span>\n<\/td>\n<\/tr>\n<\/tbody>\n<\/table>\n<\/td>\n<\/tr>\n<\/tbody>\n<\/table>\n<h3>Description<\/h3>\n<p>More description on SOCAT Version 5 can be found in the <a href=\"\/wp-content\/uploads\/2017\/07\/2017_Poster_SOCAT_v5release.pdf\">V5 release poster<\/a>.<br \/>\nFor a detailed description of data products, file formats and tools, see:<\/p>\n<div style=\"margin-left: 34px; text-indent: -34px;\">Bakker et al. (2016) A multi-decade record of high quality fCO\u2082 data in version 3 of the Surface Ocean CO\u2082 Atlas (SOCAT). Earth System Science Data, 8: 383-413.\u00a0<a href=\"http:\/\/www.earth-syst-sci-data.net\/8\/383\/2016\/essd-8-383-2016.html\">doi:10.5194\/essd-8-383-2016<\/a><\/div>\n<div style=\"margin-left: 34px; text-indent: -34px;\">Bakker et al. (2014) An update to the Surface Ocean CO\u2082 Atlas (SOCAT version 2). Earth System Science Data 6: 69-90.\u00a0<a href=\"http:\/\/www.earth-syst-sci-data.net\/6\/69\/2014\/essd-6-69-2014.html\">doi:10.5194\/essd-6-69-2014<\/a><\/div>\n<div style=\"margin-left: 34px; text-indent: -34px;\">Pfeil et al. (2013) A uniform, quality controlled Surface Ocean CO\u2082 Atlas (SOCAT), Earth Syst. Sci. Data, 5, 125-143.\u00a0<a href=\"http:\/\/www.earth-syst-sci-data.net\/5\/125\/2013\/\">doi:10.5194\/essd-5-125-2013<\/a><\/div>\n<div style=\"margin-left: 34px; text-indent: -34px;\">Sabine et al. (2013)<span class=\"c2\">\u00a0Surface Ocean CO2 Atlas (SOCAT) gridded data products. Earth System Science Data 5: 145-153.\u00a0<\/span><span class=\"c5 c2\"><a class=\"c1\" href=\"http:\/\/www.earth-syst-sci-data.net\/5\/145\/2013\/\">doi:10.5194\/essd-5-145-2013<\/a><\/span><\/div>\n<h3>Recalculation<\/h3>\n<p>Recalculation in SOCAT V5 took place using Ferret scripts, based on Matlab codes by Are Olsen (University of Bergen\/Bjerknes Centre for Climate Research). The Matlab codes can be obtained\u00a0<a href=\"\/wp-content\/uploads\/2017\/06\/SOCAT_matlab.zip\">here<\/a>.<br \/>\n<a name=\"credits\"><\/a><\/p>\n<h3>Credits<\/h3>\n<p>For SOCAT V5 we would like to thank all SOCAT data contributors, quality controllers, and members of the automation team:<\/p>\n<p>Bakker, Dorothee C. E.; O&#8217;Brien, Kevin; Pfeil, Benjamin; Currie, Kim; Kozyr, Alex; Landa, Camilla S.; Lauvset, Siv K.; Metzl, Nicolas; Nakaoka, Shin-Ichiro; Nojiri, Yukihiro; Nonaka, Isao; Olsen, Are; Omar, Abdirahman M.; Pierrot, Denis; Saito, Shu; Smith, Karl; Sutton, Adrienne; Sullivan, Kevin; Tilbrook, Bronte; Wanninkhof, Rik; Akl, John; Alin, Simone R.; Barbero, Leticia; Barrera, Kira; Beaumont, Laurence; Becker, Meike; Bernard, Christophe; Bott, Randy; Byrne, Robert; Cai, Wei-Jun; Cosca Cathy; Cross, Jessica; Daly, Kendra L; Danguy, Th\u00e9o; De Carlo, Eric; Dietrich, Colin; Feely, Richard A.; Fiedler, Bj\u00f6rn; Glockzin, Michael; Gove, Matthew D.; Goyet, Catherine; Guillot, Antoine; Hales, Bruke; Hartman, Susan E.; Herndon, Julian; Hoppema, Mario; Humphreys, Matthew; Hunt, Christopher W.; Huss, Betty; Hydes, David; Ibanhez, Severino; Ishii, Masao; Johannessen, Truls; Jones, Stephen D.; Kitidis, Vassilis; Knorr, Paul O.; K\u00f6rtzinger, Arne; Kosugi, Naohiro; Lee, Charity M.; Lef\u00e8vre, Nathalie; Lo Monaco, Claire; Liu, Xuewu; Maenner, Stacy M.; Manke, Ansley B.; Manzello, Derek; Mathis, Jeremy T.; Mickett, John; Millero, Frank J.; Monacci, Natalie; Monteiro, Pedro M. S.; Morell, Julio M.; Munro, David R.; Musielewicz, Sylvia; Neill, Craig; Newberger, Timothy; Newton, Jan A.; Noakes, Scott; Noh, Jae-Hoon; Ohman, Mark; \u00d3lafsd\u00f3ttir, S\u00f3lveig R.; \u00d3lafsson, J\u00f3n S.; Osborne, John; Pad\u00edn, X. Antonio; Rehder, Gregor; Reimer, Janet; Robbins, Lisa L.; Rutgersson, Anna; Sabine, Christopher L.; Salisbury, Joe; Sasano, Daisuke; Schlitzer, Reiner; Schuster, Ute; Send, Uwe; Sieger, Rainer; Skjelvan, Ingunn; Steinhoff, Tobias; Sutherland, Stewart C.; Sweeney, Colm; Takahashi, Taro; Telszewski, Maciej; Vandemark, Doug; Van Heuven, Steven; Wallace, Douglas W. R.; Woosley, Ryan J.; Wynn, Jonathan G.; and Yates, Kimberly.<\/p>\n<h3>Groups<\/h3>\n<p>SOCAT quality control is carried out by regional working groups with a global group for coordination.<br \/>\nThe groups for SOCAT Version 5 can be found <a href=\"\/index.php\/groups-for-socat-version-4-6\/\">here<\/a>.<\/p>\n","protected":false},"excerpt":{"rendered":"<p>Before using SOCAT data products, please read the Data Use Statement Data Access SOCAT version 5 data products are available in a variety of formats: Interactive viewers Use the Interactive Viewers from the Live Access Server to explore and download gridded or non-gridded data following selected criteria (region, year, platform, etc.). Making maps and property &hellip; <a href=\"https:\/\/socat.info\/index.php\/version-5\/\" class=\"more-link\">Continue reading<span class=\"screen-reader-text\"> &#8220;SOCAT Version 5&#8221;<\/span><\/a><\/p>\n","protected":false},"author":1,"featured_media":0,"parent":0,"menu_order":0,"comment_status":"closed","ping_status":"closed","template":"","meta":{"footnotes":""},"class_list":["post-32","page","type-page","status-publish","hentry"],"_links":{"self":[{"href":"https:\/\/socat.info\/index.php\/wp-json\/wp\/v2\/pages\/32","targetHints":{"allow":["GET"]}}],"collection":[{"href":"https:\/\/socat.info\/index.php\/wp-json\/wp\/v2\/pages"}],"about":[{"href":"https:\/\/socat.info\/index.php\/wp-json\/wp\/v2\/types\/page"}],"author":[{"embeddable":true,"href":"https:\/\/socat.info\/index.php\/wp-json\/wp\/v2\/users\/1"}],"replies":[{"embeddable":true,"href":"https:\/\/socat.info\/index.php\/wp-json\/wp\/v2\/comments?post=32"}],"version-history":[{"count":97,"href":"https:\/\/socat.info\/index.php\/wp-json\/wp\/v2\/pages\/32\/revisions"}],"predecessor-version":[{"id":62,"href":"https:\/\/socat.info\/index.php\/wp-json\/wp\/v2\/pages\/32\/revisions\/62"}],"wp:attachment":[{"href":"https:\/\/socat.info\/index.php\/wp-json\/wp\/v2\/media?parent=32"}],"curies":[{"name":"wp","href":"https:\/\/api.w.org\/{rel}","templated":true}]}}