{"id":392,"date":"2017-06-21T15:03:15","date_gmt":"2017-06-21T13:03:15","guid":{"rendered":"http:\/\/beta.socat.info\/?page_id=392"},"modified":"2021-06-24T10:48:18","modified_gmt":"2021-06-24T08:48:18","slug":"products-using-socat","status":"publish","type":"page","link":"https:\/\/socat.info\/index.php\/products-using-socat\/","title":{"rendered":"Products based on SOCAT data products"},"content":{"rendered":"<p>Please, inform us of products in which SOCAT is used\u00a0by sending us an e-mail\u00a0<a href=\"mailto:submit@socat.info\">submit@socat.info<\/a>.<\/p>\n<div style=\"margin-left: 34px; text-indent: -34px;\">\n<h6>2021<\/h6>\n<p class=\"citation\"><span class=\"articleTitle\"> <a href=\"https:\/\/doi.org\/https:\/\/doi.org\/10.5281\/zenodo.4133802\">  SeaFlux data set: Air-sea CO2 fluxes for surface pCO2 data products using a standardised approach. <\/a> <\/span> Gregor, L., Fay, A. R. (2021). Zenodo doi: 10.5281\/zenodo.4133802.<\/p>\n<h6>2020<\/h6>\n<p class=\"citation\"><span class=\"articleTitle\"> <a href=\"https:\/\/resources.marine.copernicus.eu\/documents\/QUID\/CMEMS-MOB-QUID-015-008.pdf\"> Global Ocean Surface Carbon Product MULTIOBS_GLO_BIO_CARBON_SURFACE_REP_015_008, E.U. Copernicus Marine Service Information. <\/a> <\/span> Chau, T. T., Gehlen, M., and Chevallier, F. (2020).\n<\/p>\n<p class=\"citation\"><span class=\"articleTitle\"> <a href=\"https:\/\/doi.org\/https:\/\/doi.org\/10.25921\/m5wx-ja34\">OceanSODA-ETHZ: A global gridded data set of the surface ocean carbonate system for seasonal to decadal studies of ocean acidification (NCEI Accession 0220059).<\/a> <\/span> Gregor, L. and Gruber, N. (2020). Tech. rep., NOAA National Centers for Environmental. doi: 10.25921\/m5wx-ja34.\n<\/p>\n<p class=\"citation\"><span class=\"articleTitle\"> <a href=\"https:\/\/doi.pangaea.de\/10.1594\/PANGAEA.920753\"> The ocean carbon sink estimate in the Global Carbon Budget. PANGAEA.<\/a> <\/span> Hauck, J., Zeising, M., Le Qu\u00e9r\u00e9, C., Gruber, N., Bakker, D. C E; Bopp, L., Chau, T. T. T., G\u00fcrses, \u00d6., Ilyina, T., Landsch\u00fctzer, P., Lenton, A., Resplandy, L., R\u00f6denbeck, C., Schwinger, J., S\u00e9f\u00e9rian, R. (2020). doi: 10.1594\/PANGAEA.920753\n<\/p>\n<p class=\"citation\"><span class=\"articleTitle\"> <a href=\" https:\/\/doi.org\/10.18160\/VMT4-4563\">   Reanalysed (depth and temperature consistent) surface ocean CO\u2082 atlas (SOCAT) version 2020 (1.00) [Data set].  <\/a> <\/span> Holding, T., Ashton, I. G. C., Shutler, J. D. (2020). ICOS ERIC &#8211; Carbon Portal. doi: 10.18160\/VMT4-4563<\/p>\n<p class=\"citation\"><span class=\"articleTitle\"> <a href=\"https:\/\/doi.org\/10.7289\/V5Z899N6\"> An observation-based global monthly gridded sea surface pCO2 product from 1982 onward and its monthly climatology (NCEI Accession 0160558). <\/a> <\/span> Landschu\u0308tzer, P., Gruber, N., Bakker, D. C. E. (2020) Version 5.5. NOAA National Centers for Environmental Information. Dataset. doi: 10.7289\/V5Z899N6\n<\/p>\n<p class=\"citation\"><span class=\"articleTitle\"> <a href=\"https:\/\/doi.org\/10.25921\/qb25-f418\"> A combined global ocean pCO2 climatology combining open ocean and coastal areas (NCEI Accession 0209633).<\/a> <\/span> Landsch\u00fctzer, P., Laruelle, G. G., Roobaert, A., and Regnier, P (2020) NOAA National Centers for Environmental Information. doi: 10.25921\/qb25-f418\n<\/p>\n<p class=\"citation\"><span class=\"articleTitle\"> <a href=\"http:\/\/www.bgc-jena.mpg.de\/CarboScope\/?ID=oc\"> CarboScope pCO2 interpolation updated to the end of 2019.<\/a> <\/span> Rodenbeck et al, 2020. Last accessed: 10.08.2020.\n<\/p>\n<p class=\"citation\"><span class=\"articleTitle\"> <a href=\"https:\/\/doi.pangaea.de\/10.1594\/PANGAEA.922985\"> Interpolated Global surface ocean carbon dioxide partial pressure and ocean-atmosphere fluxes 1992-2018, corrected for surface temperature deviations. <\/a> <\/span> Watson, Andrew J; Schuster, Ute; Shutler, Jamie D; Holding, Thomas; Ashton, Ian G C; Landsch\u00fctzer, Peter; Woolf, David K; Goddijn-Murphy, Lonneke (2020). PANGAEA. doi: 10.1594\/PANGAEA.922985\n<\/p>\n<p class=\"citation\"><span class=\"articleTitle\"> <a href=\"10.17595\/20201020.001\"> Global surface ocean CO2 concentration and uptake estimated using a neural network. <\/a> <\/span> Zeng, J. (2020). doi: 10.17595\/20201020.001\n<\/p>\n<p class=\"citation\"><span class=\"articleTitle\"> <a href=\"http:\/\/marine.copernicus.eu\/services-portfolio\/access-to-products\/?option=com_csw&#038;view=details&#038;product_id=INSITU_GLO_CARBON_REP_OBSERVATIONS_013_050\">Global Ocean- in-situ reprocessed Carbon observations.<\/a> <\/span> (2020). E.U. Copernicus Marine Service Information. Last accessed: 10.08.2020\n<\/p>\n<h6>2019<\/h6>\n<p class=\"citation\"><span class=\"articleTitle\"> <a href=\"https:\/\/doi.org\/10.25921\/z682-mn47\"> Global surface ocean partial pressure of carbon dioxide (pCO2) estimates from a machine learning ensemble: CSIR-ML6 v2019a.<\/a> <\/span> Gregor, L., Lebehot, A. D., Kok, S., and Monteiro, P. M. S. (2019). NCEI Accession 0206205, Version 1.1, NOAA National Centers for Environmental Information Dataset. doi:10.25921\/z682-mn47.\n<\/p>\n<p>OceanSODA-ETHZ: A global gridded data set of the surface ocean carbonate system for seasonal to decadal studies of ocean acidification (NCEI Accession 0220059), Tech. rep., NOAA National Centers for Environmental <\/p>\n<p class=\"citation\"><span class=\"articleTitle\"> <a href=\"http:\/\/marine.copernicus.eu\/services-portfolio\/access-to-products\/?option=com_csw&amp;view=details&amp;product_id=GLOBAL_OMI_HEALTH_carbon_ph_area_averaged\"> Global Mean Sea Water pH. <\/a> <\/span> E.U. Copernicus Marine Service Information. (2019). Last accessed: 10.08.2020\n<\/p>\n<p class=\"citation\"><span class=\"articleTitle\"> <a href=\"https:\/\/doi.pangaea.de\/10.1594\/PANGAEA.905316\"> Reanalysed (depth and temperature consistent) surface ocean CO2 atlas (SOCAT) version 2019. <\/a> <\/span> Holding, T., Ashton, I., and Shutler, J. D. (2019). doi:10.1594\/PANGAEA.905316\n<\/p>\n<p class=\"citation\"><span class=\"articleTitle\"> <a href=\"https:\/\/doi.pangaea.de\/10.1594\/PANGAEA.898196\"> Update to the Data and Code archive for the interpolation of surface ocean carbon dioxide. <\/a> <\/span> Jones, S. D., Le Qu\u00e9r\u00e9, C., R\u00f6denbeck, C., Manning, A. C., and Olsen, A. (2019). doi:10.1594\/PANGAEA.898196\n<\/p>\n<h6>2018<\/h6>\n<p class=\"citation\"><a href=\"https:\/\/www.mbari.org\/carbon-cycle-feedbacks\/\" target=\"_blank\" rel=\"noopener noreferrer\"> <span class=\"articleTitle\">Ocean carbon uptake and marine carbon cycle feedbacks- gridded climatologies of pCO2, SST, Salinity and estimated TA. <\/span><\/a> Fassbender, A. (2018).<\/p>\n<p class=\"citation\"><a href=\"https:\/\/doi.org\/10.1594\/PANGAEA.890118\" target=\"_blank\" rel=\"noopener noreferrer\"> <span class=\"articleTitle\">FluxEngine v2.0 and v3.0 reference and verification data.<\/span> <\/a> Holding, T., Ashton, I., Woolf, D.K. and Shutler, J.D. (2018). <span class=\"journalTitle\">College of Engineering, Mathematics and Physical Sciences, University of Exeter, PANGAEA.<\/span> doi:10.1594\/PANGAEA.890118<\/p>\n<p class=\"citation\"><a href=\"http:\/\/www.bgc-jena.mpg.de\/CarboScope\/?ID=oc\" target=\"_blank\" rel=\"noopener noreferrer\"> <span class=\"articleTitle\"> Sea-air CO2 flux based on the SOCAT data set of pCO2 observations.<\/span><\/a> R\u00f6denbeck, C., Bakker, D. C. E., Metzl, N., Olsen, A., Sabine, C., Keeling, R. F., Heimann, M., and all SOCAT contributors (2018).<\/p>\n<p class=\"citation\"><a href=\"https:\/\/doi.org\/10.3334\/CDIAC\/OTG.NDP088\" target=\"_blank\" rel=\"noopener noreferrer\"> <span class=\"articleTitle\">Global Ocean Surface Water Partial Pressure of CO2 Database: Measurements Performed During 1968 &#8211; 2007 (Version 2007).<\/span><\/a> Takahashi, T. and Sutherland, S.C. (2018). <span class=\"journalTitle\">Carbon Dioxide Information Analysis Center (CDIAC) Datasets<\/span>. doi:10.3334\/CDIAC\/OTG.NDP088<\/p>\n<h6>2017<\/h6>\n<p class=\"citation\"><span class=\"articleTitle\"> <a href=\"http:\/\/www.bgc-jena.mpg.de\/CarboScope\"> Global surface-ocean pCO2 and sea-air CO2 fluxes. <\/a> <\/span> R\u00f6denbeck, C. (2017).<\/p>\n<h6>2016<\/h6>\n<p class=\"citation\"><span class=\"articleTitle\"><a href=\"http:\/\/www.geosci-model-dev.net\/9\/1747\/2016\/gmd-9-1747-2016-discussion.html\">ESMValTool (v1.0) &#8211; a community diagnostic and performance metrics tool for routine evaluation of Earth system models in CMIP.<\/a><\/span> Eyring,\u00a0V., Righi,\u00a0M., Lauer,\u00a0A., Evaldsson,\u00a0M., Wenzel,\u00a0S., Jones,\u00a0C., Anav,\u00a0A., Andrews,\u00a0O., Cionni,\u00a0I., Davin,\u00a0E. L., Deser,\u00a0C., Ehbrecht,\u00a0C., Friedlingstein,\u00a0P., Gleckler,\u00a0P., Gottschaldt,\u00a0K.\u2011D., Hagemann,\u00a0S., Juckes,\u00a0M., Kindermann,\u00a0S., Krasting,\u00a0J., Kunert,\u00a0D., Levine,\u00a0R., Loew,\u00a0A., M\u00e4kel\u00e4,\u00a0J., Martin,\u00a0G., Mason,\u00a0E., Phillips,\u00a0A. S., Read,\u00a0S., Rio,\u00a0C., Roehrig,\u00a0R., Senftleben,\u00a0D., Sterl,\u00a0A., van Ulft,\u00a0L. H., Walton,\u00a0J., Wang,\u00a0S. and Williams,\u00a0K. D. (2018). <span class=\"journalTitle\">Geoscientific Model Development<\/span>, <span class=\"vol\">9(5)<\/span>, 1747\u20111802. <a href=\"https:\/\/doi.org\/10.5194\/gmd-9-1747-2016\" target=\"_blank\" rel=\"noopener noreferrer\"> doi:10.5194\/gmd\u20119\u20111747\u20112016<\/a>.<\/p>\n<p class=\"citation\"><span class=\"articleTitle\">Data-based estimates of the ocean carbon sink variability &#8211; First results of the Surface Ocean <i>p<\/i>CO<sub>2<\/sub> Mapping intercomparison (SOCOM).<\/span> R\u00f6denbeck,\u00a0C., Bakker,\u00a0D. C. E., Gruber,\u00a0N., Iida,\u00a0Y., Jacobson,\u00a0A. R., Jones,\u00a0S., Landsch\u00fctzer,\u00a0P., Metzl,\u00a0N., Nakaoka,\u00a0S., Olsen,\u00a0A., Park,\u00a0G.\u2011H., Peylin,\u00a0P., Rodgers,\u00a0K. B., Sasse,\u00a0T. P., Schuster,\u00a0U., Shutler,\u00a0J. D., Valsala,\u00a0V., Wanninkhof,\u00a0R. and Zeng,\u00a0J. (2018). <span class=\"journalTitle\">Biogeosciences<\/span>, <span class=\"vol\">12(23)<\/span>, 7251\u20117278. <a href=\"https:\/\/doi.org\/10.5194\/bg-12-7251-2015\" target=\"_blank\" rel=\"noopener noreferrer\"> doi:10.5194\/bg\u201112\u20117251\u20112015<\/a>.<\/p>\n<p class=\"citation\"><a href=\"http:\/\/www.oceanflux-ghg.org\/\"><span class=\"articleTitle\">Oceanflux Greenhouse Gases Evolution Project (2014-2016), Greenhouse Gases Project (2011-2013) and FluxEngine. <\/span><\/a>(2016).<\/p>\n<h6>2015<\/h6>\n<p class=\"citation\"><a href=\"http:\/\/dx.doi.org\/10.3334\/cdiac\/otg.spco2_1982_2011_eth_somffn\" target=\"_blank\" rel=\"noopener noreferrer\"> <span class=\"articleTitle\">A 30 years observation-based global monthly gridded sea surface pCO2 product from 1982 through 2011.<\/span><\/a> Landsch\u00fctzer, P., Gruber, N. and Bakker, D. C. E. (2015).<\/p>\n<h6>2014<\/h6>\n<p class=\"citation\"><a href=\"http:\/\/dx.doi.org\/10.7289\/V5Z899N6\" target=\"_blank\" rel=\"noopener noreferrer\"> <span class=\"articleTitle\">An observation-based global monthly gridded sea surface pCO2 product from 1998 through 2011 and its monthly climatology.<\/span><\/a> Landsch\u00fctzer, P., Gruber, N., Bakker, D. C. E. and Schuster, U. (2014).<\/p>\n<p class=\"citation\"><a href=\"http:\/\/dx.doi.org\/10.1594\/PANGAEA.834398\" target=\"_blank\" rel=\"noopener noreferrer\"> <span class=\"articleTitle\">Reconstructed surface ocean CO2 in 1990-2011 with link to a feed-forward neural network model in NetCDF format.<\/span> <\/a> Zeng, J. (2014).<\/p>\n<h6>2013<\/h6>\n<p class=\"citation\"><a href=\"http:\/\/www.bgc-jena.mpg.de\/CarboScope\/\" target=\"_blank\" rel=\"noopener noreferrer\"> <span class=\"articleTitle\">Global surface-ocean pCO2 and sea-air CO2 fluxes.<\/span> <\/a> R\u00f6denbeck, C., Keeling, R. F., Bakker, D. C. E., Metzl, N., Olsen, A., Sabine, C. L., Heimann, M. (2013).<\/p>\n<\/div>\n","protected":false},"excerpt":{"rendered":"<p>Please, inform us of products in which SOCAT is used\u00a0by sending us an e-mail\u00a0submit@socat.info. 2021 SeaFlux data set: Air-sea CO2 fluxes for surface pCO2 data products using a standardised approach. Gregor, L., Fay, A. R. (2021). Zenodo doi: 10.5281\/zenodo.4133802. 2020 Global Ocean Surface Carbon Product MULTIOBS_GLO_BIO_CARBON_SURFACE_REP_015_008, E.U. Copernicus Marine Service Information. Chau, T. T., Gehlen, &hellip; <a href=\"https:\/\/socat.info\/index.php\/products-using-socat\/\" class=\"more-link\">Continue reading<span class=\"screen-reader-text\"> &#8220;Products based on SOCAT data products&#8221;<\/span><\/a><\/p>\n","protected":false},"author":2,"featured_media":0,"parent":0,"menu_order":0,"comment_status":"closed","ping_status":"closed","template":"","meta":{"footnotes":""},"class_list":["post-392","page","type-page","status-publish","hentry"],"_links":{"self":[{"href":"https:\/\/socat.info\/index.php\/wp-json\/wp\/v2\/pages\/392","targetHints":{"allow":["GET"]}}],"collection":[{"href":"https:\/\/socat.info\/index.php\/wp-json\/wp\/v2\/pages"}],"about":[{"href":"https:\/\/socat.info\/index.php\/wp-json\/wp\/v2\/types\/page"}],"author":[{"embeddable":true,"href":"https:\/\/socat.info\/index.php\/wp-json\/wp\/v2\/users\/2"}],"replies":[{"embeddable":true,"href":"https:\/\/socat.info\/index.php\/wp-json\/wp\/v2\/comments?post=392"}],"version-history":[{"count":46,"href":"https:\/\/socat.info\/index.php\/wp-json\/wp\/v2\/pages\/392\/revisions"}],"predecessor-version":[{"id":2691,"href":"https:\/\/socat.info\/index.php\/wp-json\/wp\/v2\/pages\/392\/revisions\/2691"}],"wp:attachment":[{"href":"https:\/\/socat.info\/index.php\/wp-json\/wp\/v2\/media?parent=392"}],"curies":[{"name":"wp","href":"https:\/\/api.w.org\/{rel}","templated":true}]}}